{"id":371,"date":"2022-08-05T15:09:06","date_gmt":"2022-08-05T12:09:06","guid":{"rendered":"https:\/\/sunset.com.tr\/?page_id=371"},"modified":"2022-08-15T16:18:21","modified_gmt":"2022-08-15T13:18:21","slug":"aritma-tesisleri-ve-pompa-istasyonlari-otomasyonu","status":"publish","type":"page","link":"https:\/\/sunset.com.tr\/?page_id=371","title":{"rendered":"SunWater"},"content":{"rendered":"\n<p><strong>Ar\u0131tma Tesisleri ve Pompa \u0130stasyonlar\u0131 Otomasyonu<\/strong><\/p>\n\n\n<div class=\"wp-block-image\">\n<figure class=\"alignright size-large is-resized\"><img loading=\"lazy\" decoding=\"async\" src=\"https:\/\/sunset.com.tr\/wp-content\/uploads\/2022\/08\/Sunwater-1-1024x568.jpg\" alt=\"\" class=\"wp-image-1452\" width=\"609\" height=\"337\" srcset=\"https:\/\/sunset.com.tr\/wp-content\/uploads\/2022\/08\/Sunwater-1-1024x568.jpg 1024w, https:\/\/sunset.com.tr\/wp-content\/uploads\/2022\/08\/Sunwater-1-600x333.jpg 600w, https:\/\/sunset.com.tr\/wp-content\/uploads\/2022\/08\/Sunwater-1-300x166.jpg 300w, https:\/\/sunset.com.tr\/wp-content\/uploads\/2022\/08\/Sunwater-1-768x426.jpg 768w, https:\/\/sunset.com.tr\/wp-content\/uploads\/2022\/08\/Sunwater-1.jpg 1440w\" sizes=\"auto, (max-width: 609px) 100vw, 609px\" \/><\/figure>\n<\/div>\n\n\n<p><mark style=\"background-color:rgba(0, 0, 0, 0);color:#fae96b\" class=\"has-inline-color\"><strong>SUN<\/strong><\/mark><mark style=\"background-color:rgba(0, 0, 0, 0);color:#0711e3\" class=\"has-inline-color\"><strong>WATER<\/strong><\/mark> Otomasyon Sistemi \u00f6zellikle Tekstil, G\u0131da, Kozmetik, Kimya, Deri, Plastik gibi proses yap\u0131lar\u0131 di\u011fer sekt\u00f6rlere g\u00f6re farkl\u0131l\u0131k g\u00f6steren tesislerinin at\u0131ksu ar\u0131tma sistemleri i\u00e7in ve \u015fehir \u015febekelerinin i\u00e7mesuyu ar\u0131tma sistemleri ile pompa istasyonlar\u0131 i\u00e7in haz\u0131rlanm\u0131\u015ft\u0131r.<\/p>\n\n\n\n<p><strong><mark style=\"background-color:rgba(0, 0, 0, 0);color:#fae96b\" class=\"has-inline-color\">SUN<\/mark><mark style=\"background-color:rgba(0, 0, 0, 0);color:#0711e3\" class=\"has-inline-color\">WATER<\/mark> <\/strong> Otomasyon Sistemi mimarisinde Siemens RTU\u2019lar ile telli ya da telsiz ba\u011flant\u0131 ile kuyu otomasyonu, su t\u00fcketimi, merkez pompa istasyonu ve ar\u0131tma birimleri bir b\u00fct\u00fcn olarak tasarlanmaktad\u0131r. Sistemi meydana getiren motorlar\u0131n \u00e7al\u0131\u015fma s\u00fcrelerine g\u00f6re devreye girmesi ve \u00e7\u0131kmas\u0131, istenilen s\u0131rada devreye girip \u00e7\u0131kmas\u0131 veya yedekli \u00e7al\u0131\u015fma ile e\u015fit ya\u015fland\u0131rma olanaklar\u0131 sa\u011flanmaktad\u0131r. GSM veya GPRS teknolojileri kullan\u0131larak eri\u015fimi olanaks\u0131z olan b\u00f6lgeler i\u00e7in haberle\u015fme imkan\u0131 sa\u011flanm\u0131\u015ft\u0131r. WinCC Scada Paket Program\u0131 ile t\u00fcm sistemler uzaktan eri\u015fim ile kesintisiz kararl\u0131 ve do\u011fru olarak izlenmekte ve sisteme ait bir \u00e7ok veri raporlanabilmektedir.<\/p>\n\n\n\n<p><strong>Sistem \u00d6zellikleri:<\/strong><\/p>\n\n\n\n<p>Birbirine yedekli iki ayr\u0131 PLC sistemi ile redundant bir yap\u0131 olu\u015fturularak PLC\u2019lerden herhangi birisinde meydana gelen bir ar\u0131zada g\u00f6revi di\u011fer PLC\u2019nin almas\u0131 ile sistemin kesintisiz \u00e7al\u0131\u015fmas\u0131 sa\u011flanmaktad\u0131r.<\/p>\n\n\n\n<p>Sistemde her motor ayr\u0131 ayr\u0131 olmak \u00fczere manuel veya otomatik olarak Scada \u00fczerinden \u00e7al\u0131\u015ft\u0131r\u0131labilmektedir.<\/p>\n\n\n\n<p>SCADA \u00fczerinde motorlar\u0131n \u00e7al\u0131\u015f\u0131yor, ar\u0131zal\u0131, duruyor bilgilerinin yan\u0131s\u0131ra sahadan \u00f6l\u00e7\u00fcmleri yap\u0131lan \u00c7\u00f6z\u00fcnm\u00fc\u015f Oksijen, Hidrojens\u00fclf\u00fcr, Tank Seviyeleri, Ak\u0131\u015f h\u0131z\u0131na g\u00f6re PID algoritmalar\u0131 ile d\u00fczenlenen dozajlamalar yine tam otomatik olarak PLC \u00fczerinden ger\u00e7ekle\u015ftirilmektedir.<\/p>\n\n\n\n<p>Is\u0131tma, So\u011futma, Dozajlama, &nbsp;i\u015flemlerinde hatlar\u0131n kontrolu, PID algoritmalar\u0131 ile \u00fc\u00e7 yollu vanalar ve oransal vanalar ile yap\u0131lmaktad\u0131r.<\/p>\n\n\n\n<p>Sisteme ait \u00e7al\u0131\u015fma raporlar\u0131, ar\u0131za raporlar\u0131 ve bak\u0131m bilgileri SCADA \u00fczerinden izlenebilmekte ve gerekti\u011finde printer \u00fczerinden yazd\u0131r\u0131labilmektedir.<\/p>\n\n\n\n<p><\/p>\n\n\n\n<figure class=\"wp-block-gallery has-nested-images columns-default is-cropped wp-block-gallery-1 is-layout-flex wp-block-gallery-is-layout-flex\">\n<figure class=\"wp-block-image size-large\"><img loading=\"lazy\" decoding=\"async\" width=\"462\" height=\"347\" data-id=\"1456\" src=\"https:\/\/sunset.com.tr\/wp-content\/uploads\/2022\/08\/aritma_08-3.jpg\" alt=\"\" class=\"wp-image-1456\" srcset=\"https:\/\/sunset.com.tr\/wp-content\/uploads\/2022\/08\/aritma_08-3.jpg 462w, https:\/\/sunset.com.tr\/wp-content\/uploads\/2022\/08\/aritma_08-3-300x225.jpg 300w\" sizes=\"auto, (max-width: 462px) 100vw, 462px\" \/><\/figure>\n\n\n\n<figure class=\"wp-block-image size-large\"><img loading=\"lazy\" decoding=\"async\" width=\"486\" height=\"270\" data-id=\"1457\" src=\"https:\/\/sunset.com.tr\/wp-content\/uploads\/2022\/08\/sunwater1-2.jpg\" alt=\"\" class=\"wp-image-1457\" srcset=\"https:\/\/sunset.com.tr\/wp-content\/uploads\/2022\/08\/sunwater1-2.jpg 486w, https:\/\/sunset.com.tr\/wp-content\/uploads\/2022\/08\/sunwater1-2-300x167.jpg 300w\" sizes=\"auto, (max-width: 486px) 100vw, 486px\" \/><\/figure>\n<\/figure>\n","protected":false},"excerpt":{"rendered":"<p>Ar\u0131tma Tesisleri ve Pompa \u0130stasyonlar\u0131 Otomasyonu SUNWATER Otomasyon Sistemi \u00f6zellikle Tekstil, G\u0131da, Kozmetik, Kimya, Deri, Plastik gibi proses yap\u0131lar\u0131 di\u011fer sekt\u00f6rlere g\u00f6re farkl\u0131l\u0131k g\u00f6steren tesislerinin at\u0131ksu ar\u0131tma sistemleri i\u00e7in ve \u015fehir \u015febekelerinin i\u00e7mesuyu ar\u0131tma sistemleri ile pompa istasyonlar\u0131 i\u00e7in haz\u0131rlanm\u0131\u015ft\u0131r. SUNWATER Otomasyon Sistemi mimarisinde Siemens RTU\u2019lar ile telli ya da telsiz ba\u011flant\u0131 ile kuyu otomasyonu, [&hellip;]<\/p>\n","protected":false},"author":1,"featured_media":0,"parent":0,"menu_order":0,"comment_status":"closed","ping_status":"closed","template":"","meta":{"footnotes":""},"class_list":["post-371","page","type-page","status-publish","hentry"],"_links":{"self":[{"href":"https:\/\/sunset.com.tr\/index.php?rest_route=\/wp\/v2\/pages\/371","targetHints":{"allow":["GET"]}}],"collection":[{"href":"https:\/\/sunset.com.tr\/index.php?rest_route=\/wp\/v2\/pages"}],"about":[{"href":"https:\/\/sunset.com.tr\/index.php?rest_route=\/wp\/v2\/types\/page"}],"author":[{"embeddable":true,"href":"https:\/\/sunset.com.tr\/index.php?rest_route=\/wp\/v2\/users\/1"}],"replies":[{"embeddable":true,"href":"https:\/\/sunset.com.tr\/index.php?rest_route=%2Fwp%2Fv2%2Fcomments&post=371"}],"version-history":[{"count":19,"href":"https:\/\/sunset.com.tr\/index.php?rest_route=\/wp\/v2\/pages\/371\/revisions"}],"predecessor-version":[{"id":1458,"href":"https:\/\/sunset.com.tr\/index.php?rest_route=\/wp\/v2\/pages\/371\/revisions\/1458"}],"wp:attachment":[{"href":"https:\/\/sunset.com.tr\/index.php?rest_route=%2Fwp%2Fv2%2Fmedia&parent=371"}],"curies":[{"name":"wp","href":"https:\/\/api.w.org\/{rel}","templated":true}]}}