{"id":746,"date":"2022-08-10T12:09:55","date_gmt":"2022-08-10T09:09:55","guid":{"rendered":"https:\/\/sunset.com.tr\/?page_id=746"},"modified":"2022-08-15T14:44:24","modified_gmt":"2022-08-15T11:44:24","slug":"sunenergy","status":"publish","type":"page","link":"https:\/\/sunset.com.tr\/?page_id=746","title":{"rendered":"SunEnergy"},"content":{"rendered":"\n<p><strong><mark style=\"background-color:rgba(0, 0, 0, 0);color:#f1ee3b\" class=\"has-inline-color\">SUN<\/mark><mark style=\"background-color:rgba(0, 0, 0, 0);color:#0332be\" class=\"has-inline-color\">ENERGY<\/mark><\/strong> Enerji \u0130zleme Otomasyonu<\/p>\n\n\n\n<p>G\u00fcn\u00fcm\u00fczde enerji kaynaklar\u0131n\u0131n olduk\u00e7a daralm\u0131\u015f olmas\u0131 enerjinin daha etkin y\u00f6netilmesinin gereklili\u011fini g\u00f6stermektedir. SUNENERGY otomasyon sistemi i\u015fletmelerin, da\u011f\u0131t\u0131m \u015febekelerini devaml\u0131 denetim alt\u0131nda tutmas\u0131 i\u00e7in geli\u015ftirilmi\u015f bir sistemdir.<\/p>\n\n\n\n<p>Enerji da\u011f\u0131t\u0131m sistemlerinde otomasyon denilince, harcanan enerjinin analizi ve maliyet tesbiti, zamana ba\u011fl\u0131 istatistik verilerin saatlik, g\u00fcnl\u00fck, haftal\u0131k ve ayl\u0131k raporlar halinde incelenmesi, \u015febeke, jenerat\u00f6r ve UPS koordinasyonu ile ayn\u0131 zamanda \u015falt otomasyonu gibi genel konular akla gelir.<\/p>\n\n\n\n<p>Sistem \u00d6zellikleri:<\/p>\n\n\n\n<ul class=\"wp-block-list\"><li>Enerji analiz\u00f6rleri \u00fczerinden okunan t\u00fcm elektriksel b\u00fcy\u00fckl\u00fcklerin anl\u0131k olarak izlenmesi, raporlanmas\u0131 ve kumanda edilmesi ger\u00e7ekle\u015ftirilmektedir.<\/li><\/ul>\n\n\n<div class=\"wp-block-image\">\n<figure class=\"alignright size-large is-resized\"><img loading=\"lazy\" decoding=\"async\" src=\"https:\/\/sunset.com.tr\/wp-content\/uploads\/2022\/08\/image-29-1024x897.png\" alt=\"\" class=\"wp-image-937\" width=\"358\" height=\"313\" srcset=\"https:\/\/sunset.com.tr\/wp-content\/uploads\/2022\/08\/image-29-1024x897.png 1024w, https:\/\/sunset.com.tr\/wp-content\/uploads\/2022\/08\/image-29-600x525.png 600w, https:\/\/sunset.com.tr\/wp-content\/uploads\/2022\/08\/image-29-300x263.png 300w, https:\/\/sunset.com.tr\/wp-content\/uploads\/2022\/08\/image-29-768x673.png 768w, https:\/\/sunset.com.tr\/wp-content\/uploads\/2022\/08\/image-29.png 1063w\" sizes=\"auto, (max-width: 358px) 100vw, 358px\" \/><\/figure>\n<\/div>\n\n\n<ul class=\"wp-block-list\"><li>Tesislerde Enerji sa\u011flay\u0131c\u0131 unsurlar olan jenerat\u00f6rler, trafolar ve bunlara ba\u011fl\u0131 olarak g\u00fc\u00e7 da\u011f\u0131t\u0131m\u0131n\u0131 ger\u00e7ekle\u015ftiren \u015falterler i\u00e7in a\u00e7\u0131k-kapal\u0131 konumu, ar\u0131za durumu, \u00e7al\u0131\u015fma saati, ar\u0131zal\u0131 kald\u0131\u011f\u0131 s\u00fcre gibi bilgilere SCADA \u00fczerinden eri\u015fim sa\u011flanmaktad\u0131r.<\/li><li>\u015eebeke \u2013 Jenerat\u00f6r ge\u00e7i\u015fi otomatik hale getirilmi\u015ftir.<\/li><li>Saatlik, G\u00fcnl\u00fck, Ayl\u0131k, Y\u0131ll\u0131k olarak ar\u0131za, \u00e7al\u0131\u015fma, enerji t\u00fcketimi gibi bir\u00e7ok rapor al\u0131nabilmektedir.<\/li><\/ul>\n\n\n\n<ul class=\"wp-block-list\"><li>Kullan\u0131c\u0131lar i\u00e7in yetki seviyeleri tan\u0131mlanarak her operat\u00f6re farkl\u0131 yetkiler verilmekte ve sistem g\u00fcvenli\u011fi sa\u011flanmaktad\u0131r.<\/li><li>Trafolar i\u00e7in, Bucholz a\u00e7ma, Bucholz Alarm, S\u0131cakl\u0131k A\u00e7ma, S\u0131cakl\u0131k Alarm, Ya\u011f Seviyesi gibi sinyallerin izlenmesi ger\u00e7ekle\u015ftirilmektedir.<\/li><li>Jenerat\u00f6rler i\u00e7in yak\u0131t tank\u0131 seviyesi, so\u011futma \u00fcnitesi kontrolu yap\u0131labilmektedir.<\/li><li>Yang\u0131n Alarm, Deprem Uyar\u0131, Do\u011falgaz ka\u00e7a\u011f\u0131 gibi sistemlerine ba\u011flanarak herhangi bir tehlikede elektrik kesintisi uygulanabilmektedir.<\/li><li>Y\u00fck atma, y\u00fck alma i\u015flemleri ger\u00e7ekle\u015ftirilmektedir.<\/li><li>Muhasebe Programlar\u0131 ile entegre olarak t\u00fcketim raporu haz\u0131rlanabilmektedir.<br><\/li><\/ul>\n\n\n\n<div class=\"wp-block-columns is-layout-flex wp-container-core-columns-is-layout-9d6595d7 wp-block-columns-is-layout-flex\">\n<div class=\"wp-block-column is-layout-flow wp-block-column-is-layout-flow\"><\/div>\n<\/div>\n","protected":false},"excerpt":{"rendered":"<p>SUNENERGY Enerji \u0130zleme Otomasyonu G\u00fcn\u00fcm\u00fczde enerji kaynaklar\u0131n\u0131n olduk\u00e7a daralm\u0131\u015f olmas\u0131 enerjinin daha etkin y\u00f6netilmesinin gereklili\u011fini g\u00f6stermektedir. SUNENERGY otomasyon sistemi i\u015fletmelerin, da\u011f\u0131t\u0131m \u015febekelerini devaml\u0131 denetim alt\u0131nda tutmas\u0131 i\u00e7in geli\u015ftirilmi\u015f bir sistemdir. Enerji da\u011f\u0131t\u0131m sistemlerinde otomasyon denilince, harcanan enerjinin analizi ve maliyet tesbiti, zamana ba\u011fl\u0131 istatistik verilerin saatlik, g\u00fcnl\u00fck, haftal\u0131k ve ayl\u0131k raporlar halinde incelenmesi, \u015febeke, jenerat\u00f6r [&hellip;]<\/p>\n","protected":false},"author":1,"featured_media":0,"parent":0,"menu_order":0,"comment_status":"closed","ping_status":"closed","template":"","meta":{"footnotes":""},"class_list":["post-746","page","type-page","status-publish","hentry"],"_links":{"self":[{"href":"https:\/\/sunset.com.tr\/index.php?rest_route=\/wp\/v2\/pages\/746","targetHints":{"allow":["GET"]}}],"collection":[{"href":"https:\/\/sunset.com.tr\/index.php?rest_route=\/wp\/v2\/pages"}],"about":[{"href":"https:\/\/sunset.com.tr\/index.php?rest_route=\/wp\/v2\/types\/page"}],"author":[{"embeddable":true,"href":"https:\/\/sunset.com.tr\/index.php?rest_route=\/wp\/v2\/users\/1"}],"replies":[{"embeddable":true,"href":"https:\/\/sunset.com.tr\/index.php?rest_route=%2Fwp%2Fv2%2Fcomments&post=746"}],"version-history":[{"count":5,"href":"https:\/\/sunset.com.tr\/index.php?rest_route=\/wp\/v2\/pages\/746\/revisions"}],"predecessor-version":[{"id":1373,"href":"https:\/\/sunset.com.tr\/index.php?rest_route=\/wp\/v2\/pages\/746\/revisions\/1373"}],"wp:attachment":[{"href":"https:\/\/sunset.com.tr\/index.php?rest_route=%2Fwp%2Fv2%2Fmedia&parent=746"}],"curies":[{"name":"wp","href":"https:\/\/api.w.org\/{rel}","templated":true}]}}