{"id":756,"date":"2022-08-10T12:27:57","date_gmt":"2022-08-10T09:27:57","guid":{"rendered":"https:\/\/sunset.com.tr\/?page_id=756"},"modified":"2022-08-15T14:49:10","modified_gmt":"2022-08-15T11:49:10","slug":"sunpress","status":"publish","type":"page","link":"https:\/\/sunset.com.tr\/?page_id=756","title":{"rendered":"SunPress"},"content":{"rendered":"<div class=\"wp-block-image\">\n<figure class=\"alignright size-full is-resized\"><img loading=\"lazy\" decoding=\"async\" src=\"https:\/\/sunset.com.tr\/wp-content\/uploads\/2022\/08\/image-10.png\" alt=\"\" class=\"wp-image-762\" width=\"322\" height=\"234\" srcset=\"https:\/\/sunset.com.tr\/wp-content\/uploads\/2022\/08\/image-10.png 603w, https:\/\/sunset.com.tr\/wp-content\/uploads\/2022\/08\/image-10-600x438.png 600w, https:\/\/sunset.com.tr\/wp-content\/uploads\/2022\/08\/image-10-300x219.png 300w\" sizes=\"auto, (max-width: 322px) 100vw, 322px\" \/><\/figure>\n<\/div>\n\n\n<p><strong>Hidrolik Pres Otomasyonu<\/strong><\/p>\n\n\n\n<p><strong><mark style=\"background-color:rgba(0, 0, 0, 0);color:#faed59\" class=\"has-inline-color\">SUN<\/mark><mark style=\"background-color:rgba(0, 0, 0, 0);color:#3142c3\" class=\"has-inline-color\">PRESS<\/mark> <\/strong>Otomasyon Sistemi tamamen insans\u0131z \u00e7al\u0131\u015fmaya y\u00f6nelik geli\u015ftirilmi\u015ftir.&nbsp;PLC ve SCADA kontroll\u00fc sistem sayesinde presin t\u00fcm hareketleri ekran \u00fczerinde izlenebilmektedir.<br><strong><mark style=\"background-color:rgba(0, 0, 0, 0);color:#faed59\" class=\"has-inline-color\">SUN<\/mark><mark style=\"background-color:rgba(0, 0, 0, 0);color:#3142c3\" class=\"has-inline-color\">PRESS<\/mark><\/strong> Otomasyon Sistemi sayesinde bir \u00e7ok parametre operat\u00f6r insiyatifinden \u00e7\u0131kart\u0131larak, kullan\u0131c\u0131 kaynakl\u0131 hatalar\u0131n \u00f6n\u00fcne ge\u00e7ilmi\u015ftir. Operat\u00f6r Panel \u00fczerinden girilen Kal\u0131p Se\u00e7im Program\u0131 \u00f6zelli\u011fi ile, ba\u011flanan bir kal\u0131ba g\u00f6re pres parametreleri an\u0131nda re\u00e7etede ayarlanan de\u011ferlere g\u00f6re otomatik olarak makinaya uygulan\u0131r. B\u00f6ylece her malzeme ayn\u0131 s\u0131cakl\u0131k ve bas\u0131n\u00e7ta i\u015flenerek \u00fcretimde standardizasyon sa\u011flanm\u0131\u015f olur.<\/p>\n\n\n\n<p>SCADA program\u0131 \u00e7al\u0131\u015fmay\u0131 grafiklerle desteklemektedir. Her \u00e7al\u0131\u015fma bilgisayara kaydedilmekte ve ister anl\u0131k olarak, ister ge\u00e7mi\u015fe d\u00f6n\u00fck olarak olarak yap\u0131lan operasyonlara ula\u015f\u0131labilmektedir. Bu grafikler bir printer ile bas\u0131larak m\u00fc\u015fteriler taraf\u0131ndan istenilen \u00fcretim belgelerinin kolayca elde edilmesini sa\u011flamaktad\u0131r.<\/p>\n\n\n<div class=\"wp-block-image\">\n<figure class=\"alignright size-full is-resized\"><img loading=\"lazy\" decoding=\"async\" src=\"https:\/\/sunset.com.tr\/wp-content\/uploads\/2022\/08\/image-9.png\" alt=\"\" class=\"wp-image-759\" width=\"226\" height=\"255\" srcset=\"https:\/\/sunset.com.tr\/wp-content\/uploads\/2022\/08\/image-9.png 313w, https:\/\/sunset.com.tr\/wp-content\/uploads\/2022\/08\/image-9-266x300.png 266w\" sizes=\"auto, (max-width: 226px) 100vw, 226px\" \/><\/figure>\n<\/div>\n\n\n<p>Makina \u00fczerinde otomatik olarak ger\u00e7ekle\u015fen h\u0131z kontrolleri i\u00e7in analog \u00e7\u0131k\u0131\u015flar kullan\u0131lmaktad\u0131r. Lineer pozisyon \u00f6l\u00e7\u00fcm\u00fc (LPO) kullan\u0131m\u0131 sayesinde sistem kovan ve ana bask\u0131n\u0131n pozisyonunu neredeyse mikrometre cinsinden \u00f6l\u00e7er. KRP Kal\u0131p Re\u00e7ete Program\u0131 \u00f6zelli\u011fi ile operat\u00f6r taraf\u0131ndan birka\u00e7 saniyede bilgisayardan \u00e7a\u011fr\u0131larak PLC&#8217;ye aktar\u0131lmas\u0131 ile, bir kal\u0131p de\u011fi\u015ftirilmesinden sonra presin bu kal\u0131ba g\u00f6re ;&nbsp;Pres H\u0131z\u0131, \u0130lk Bask\u0131 H\u0131z\u0131, Biyet S\u0131cakl\u0131\u011f\u0131, \u0130lk Biyet S\u0131cakl\u0131\u011f\u0131, Ara \u0130\u015f Mesafesi&nbsp;<br>Biyet Uzunlu\u011fu gibi parametrelerinin an\u0131nda ayarlanmas\u0131n\u0131 ve dolay\u0131s\u0131 ile \u00e7ok h\u0131zl\u0131 bir \u015fekilde presin yeni kal\u0131ba uyumunun sa\u011flanmas\u0131n\u0131 m\u00fcmk\u00fcn k\u0131lmaktad\u0131r.<\/p>\n\n\n\n<p><br><br><\/p>\n\n\n\n<div class=\"wp-block-columns is-layout-flex wp-container-core-columns-is-layout-9d6595d7 wp-block-columns-is-layout-flex\">\n<div class=\"wp-block-column is-layout-flow wp-block-column-is-layout-flow\"><\/div>\n<\/div>\n","protected":false},"excerpt":{"rendered":"<p>Hidrolik Pres Otomasyonu SUNPRESS Otomasyon Sistemi tamamen insans\u0131z \u00e7al\u0131\u015fmaya y\u00f6nelik geli\u015ftirilmi\u015ftir.&nbsp;PLC ve SCADA kontroll\u00fc sistem sayesinde presin t\u00fcm hareketleri ekran \u00fczerinde izlenebilmektedir.SUNPRESS Otomasyon Sistemi sayesinde bir \u00e7ok parametre operat\u00f6r insiyatifinden \u00e7\u0131kart\u0131larak, kullan\u0131c\u0131 kaynakl\u0131 hatalar\u0131n \u00f6n\u00fcne ge\u00e7ilmi\u015ftir. Operat\u00f6r Panel \u00fczerinden girilen Kal\u0131p Se\u00e7im Program\u0131 \u00f6zelli\u011fi ile, ba\u011flanan bir kal\u0131ba g\u00f6re pres parametreleri an\u0131nda re\u00e7etede ayarlanan de\u011ferlere [&hellip;]<\/p>\n","protected":false},"author":1,"featured_media":0,"parent":0,"menu_order":0,"comment_status":"closed","ping_status":"closed","template":"","meta":{"footnotes":""},"class_list":["post-756","page","type-page","status-publish","hentry"],"_links":{"self":[{"href":"https:\/\/sunset.com.tr\/index.php?rest_route=\/wp\/v2\/pages\/756","targetHints":{"allow":["GET"]}}],"collection":[{"href":"https:\/\/sunset.com.tr\/index.php?rest_route=\/wp\/v2\/pages"}],"about":[{"href":"https:\/\/sunset.com.tr\/index.php?rest_route=\/wp\/v2\/types\/page"}],"author":[{"embeddable":true,"href":"https:\/\/sunset.com.tr\/index.php?rest_route=\/wp\/v2\/users\/1"}],"replies":[{"embeddable":true,"href":"https:\/\/sunset.com.tr\/index.php?rest_route=%2Fwp%2Fv2%2Fcomments&post=756"}],"version-history":[{"count":11,"href":"https:\/\/sunset.com.tr\/index.php?rest_route=\/wp\/v2\/pages\/756\/revisions"}],"predecessor-version":[{"id":1390,"href":"https:\/\/sunset.com.tr\/index.php?rest_route=\/wp\/v2\/pages\/756\/revisions\/1390"}],"wp:attachment":[{"href":"https:\/\/sunset.com.tr\/index.php?rest_route=%2Fwp%2Fv2%2Fmedia&parent=756"}],"curies":[{"name":"wp","href":"https:\/\/api.w.org\/{rel}","templated":true}]}}