{"id":775,"date":"2022-08-10T12:51:57","date_gmt":"2022-08-10T09:51:57","guid":{"rendered":"https:\/\/sunset.com.tr\/?page_id=775"},"modified":"2022-08-15T14:52:07","modified_gmt":"2022-08-15T11:52:07","slug":"sunpack","status":"publish","type":"page","link":"https:\/\/sunset.com.tr\/?page_id=775","title":{"rendered":"SunPack"},"content":{"rendered":"<div class=\"wp-block-image\">\n<figure class=\"alignright size-full is-resized\"><img loading=\"lazy\" decoding=\"async\" src=\"https:\/\/sunset.com.tr\/wp-content\/uploads\/2022\/08\/image-12.png\" alt=\"\" class=\"wp-image-784\" width=\"231\" height=\"312\" srcset=\"https:\/\/sunset.com.tr\/wp-content\/uploads\/2022\/08\/image-12.png 348w, https:\/\/sunset.com.tr\/wp-content\/uploads\/2022\/08\/image-12-222x300.png 222w\" sizes=\"auto, (max-width: 231px) 100vw, 231px\" \/><\/figure>\n<\/div>\n\n\n<p><strong>Paketleme Makinalar\u0131 Otomasyonu<\/strong><\/p>\n\n\n\n<p><strong><mark style=\"background-color:rgba(0, 0, 0, 0);color:#efe519\" class=\"has-inline-color\">SUN<\/mark><mark style=\"background-color:rgba(0, 0, 0, 0);color:#1714ba\" class=\"has-inline-color\">PACK<\/mark><\/strong> Otomasyon Sistemleri \u00e7e\u015fitli paketleme makinas\u0131 imalat\u00e7\u0131lar\u0131 ba\u015fta olmak \u00fczere, palettizer, ambalaj, torbalama sistemleri, etiketleme gibi alanlarda kulan\u0131lmaktad\u0131r.<\/p>\n\n\n\n<p><mark style=\"background-color:rgba(0, 0, 0, 0);color:#efe519\" class=\"has-inline-color\"><strong>SUN<\/strong><\/mark><mark style=\"background-color:rgba(0, 0, 0, 0);color:#1714ba\" class=\"has-inline-color\"><strong>PACK<\/strong><\/mark> Otomasyon Sistemlerimizde; elektromekanik malzeme gereksinimlerinin saptanmas\u0131ndan, elektrik ve sinyalizasyon kablaj\u0131n\u0131n yap\u0131lmas\u0131na, elektrik panosunun imal ve montajindan, devreye almaya, PLC ve SCADA programlar\u0131n\u0131n yaz\u0131lmas\u0131ndan, d\u00f6k\u00fcmantasyon ve teknik servisine kadarki t\u00fcm ihtiya\u00e7lar\u0131n kusursuzca sa\u011flanmas\u0131 <\/p>\n\n\n\n<p>hedeflenmi\u015ftir.<\/p>\n\n\n\n<p>Ba\u015fl\u0131ca uygulamalar\u0131m\u0131z<\/p>\n\n\n<div class=\"wp-block-image\">\n<figure class=\"alignright size-full is-resized\"><img loading=\"lazy\" decoding=\"async\" src=\"https:\/\/sunset.com.tr\/wp-content\/uploads\/2022\/08\/image-11.png\" alt=\"\" class=\"wp-image-780\" width=\"259\" height=\"179\" srcset=\"https:\/\/sunset.com.tr\/wp-content\/uploads\/2022\/08\/image-11.png 310w, https:\/\/sunset.com.tr\/wp-content\/uploads\/2022\/08\/image-11-300x208.png 300w\" sizes=\"auto, (max-width: 259px) 100vw, 259px\" \/><\/figure>\n<\/div>\n\n\n<ul class=\"wp-block-list\"><li>Ambalaj ve Paketleme Makinalar\u0131 Otomasyonu<\/li><\/ul>\n\n\n\n<ul class=\"wp-block-list\"><li>Palettizer ve Shrink Makinalar\u0131 Otomasyonu<\/li><li>Etiketleme ve markalama Makinalar\u0131 Otomasyonu<\/li><li>D\u00f6nel Tabla Uygulamalar\u0131 Otomasyonu<\/li><li>Dolum Makinalar\u0131 Otomasyonu<\/li><\/ul>\n\n\n\n<div class=\"wp-block-columns is-layout-flex wp-container-core-columns-is-layout-9d6595d7 wp-block-columns-is-layout-flex\">\n<div class=\"wp-block-column is-layout-flow wp-block-column-is-layout-flow\"><\/div>\n<\/div>\n\n\n\n<div class=\"wp-block-columns is-layout-flex wp-container-core-columns-is-layout-9d6595d7 wp-block-columns-is-layout-flex\">\n<div class=\"wp-block-column is-layout-flow wp-block-column-is-layout-flow\"><\/div>\n<\/div>\n\n\n\n<div class=\"wp-block-columns is-layout-flex wp-container-core-columns-is-layout-9d6595d7 wp-block-columns-is-layout-flex\">\n<div class=\"wp-block-column is-layout-flow wp-block-column-is-layout-flow\"><\/div>\n<\/div>\n\n\n\n<div class=\"wp-block-columns is-layout-flex wp-container-core-columns-is-layout-9d6595d7 wp-block-columns-is-layout-flex\">\n<div class=\"wp-block-column is-layout-flow wp-block-column-is-layout-flow\"><\/div>\n<\/div>\n","protected":false},"excerpt":{"rendered":"<p>Paketleme Makinalar\u0131 Otomasyonu SUNPACK Otomasyon Sistemleri \u00e7e\u015fitli paketleme makinas\u0131 imalat\u00e7\u0131lar\u0131 ba\u015fta olmak \u00fczere, palettizer, ambalaj, torbalama sistemleri, etiketleme gibi alanlarda kulan\u0131lmaktad\u0131r. SUNPACK Otomasyon Sistemlerimizde; elektromekanik malzeme gereksinimlerinin saptanmas\u0131ndan, elektrik ve sinyalizasyon kablaj\u0131n\u0131n yap\u0131lmas\u0131na, elektrik panosunun imal ve montajindan, devreye almaya, PLC ve SCADA programlar\u0131n\u0131n yaz\u0131lmas\u0131ndan, d\u00f6k\u00fcmantasyon ve teknik servisine kadarki t\u00fcm ihtiya\u00e7lar\u0131n kusursuzca sa\u011flanmas\u0131 hedeflenmi\u015ftir. [&hellip;]<\/p>\n","protected":false},"author":1,"featured_media":0,"parent":0,"menu_order":0,"comment_status":"closed","ping_status":"closed","template":"","meta":{"footnotes":""},"class_list":["post-775","page","type-page","status-publish","hentry"],"_links":{"self":[{"href":"https:\/\/sunset.com.tr\/index.php?rest_route=\/wp\/v2\/pages\/775","targetHints":{"allow":["GET"]}}],"collection":[{"href":"https:\/\/sunset.com.tr\/index.php?rest_route=\/wp\/v2\/pages"}],"about":[{"href":"https:\/\/sunset.com.tr\/index.php?rest_route=\/wp\/v2\/types\/page"}],"author":[{"embeddable":true,"href":"https:\/\/sunset.com.tr\/index.php?rest_route=\/wp\/v2\/users\/1"}],"replies":[{"embeddable":true,"href":"https:\/\/sunset.com.tr\/index.php?rest_route=%2Fwp%2Fv2%2Fcomments&post=775"}],"version-history":[{"count":14,"href":"https:\/\/sunset.com.tr\/index.php?rest_route=\/wp\/v2\/pages\/775\/revisions"}],"predecessor-version":[{"id":1394,"href":"https:\/\/sunset.com.tr\/index.php?rest_route=\/wp\/v2\/pages\/775\/revisions\/1394"}],"wp:attachment":[{"href":"https:\/\/sunset.com.tr\/index.php?rest_route=%2Fwp%2Fv2%2Fmedia&parent=775"}],"curies":[{"name":"wp","href":"https:\/\/api.w.org\/{rel}","templated":true}]}}