{"id":790,"date":"2022-08-10T13:04:54","date_gmt":"2022-08-10T10:04:54","guid":{"rendered":"https:\/\/sunset.com.tr\/?page_id=790"},"modified":"2022-08-15T14:52:43","modified_gmt":"2022-08-15T11:52:43","slug":"suncrete","status":"publish","type":"page","link":"https:\/\/sunset.com.tr\/?page_id=790","title":{"rendered":"SunCrete"},"content":{"rendered":"\n<p>Haz\u0131r Beton Otomasyonu<\/p>\n\n\n\n<p><strong><mark style=\"background-color:rgba(0, 0, 0, 0);color:#faeb7c\" class=\"has-inline-color\">SUN<\/mark><mark style=\"background-color:rgba(0, 0, 0, 0);color:#1a37b6\" class=\"has-inline-color\">CRETE<\/mark> <\/strong>Haz\u0131r Beton Otomasyon Sistemi tamamen PLC kontrollu olup, bilgisayar \u00fczerinden otomatik, dokunmatik operator panel \u00fczerinden yar\u0131 otomatik ve kumanda panosu \u00fczerinden manuel \u00fcretim olarak \u00fc\u00e7 tipte \u00e7al\u0131\u015fabilecek \u015fekilde tasarlanm\u0131\u015ft\u0131r.<\/p>\n\n\n\n<p><strong><mark style=\"background-color:rgba(0, 0, 0, 0);color:#faeb7c\" class=\"has-inline-color\">SUN<\/mark><mark style=\"background-color:rgba(0, 0, 0, 0);color:#1a37b6\" class=\"has-inline-color\">CRETE<\/mark><\/strong> Haz\u0131r Beton Otomasyon Sistemi, 10 y\u0131l\u0131 a\u015fk\u0131n s\u00fcredir a\u011f\u0131rl\u0131k \u00f6l\u00e7me, batch&nbsp; sistemler, loadcell ve tart\u0131m indikat\u00f6r\u00fc kullan\u0131m\u0131 tecr\u00fcbesinin sonucunda ortaya \u00e7\u0131km\u0131\u015f bir beton santrali otomasyon program\u0131d\u0131r. MCC Panolar\u0131 Busbar tekni\u011fi ile yap\u0131lmakta olup, t\u00fcm\u00fcyle TSE ve ISO normlar\u0131na uygun \u015falt ve enstalasyon cihazlar\u0131 ile sarf malzemeleri kullan\u0131lmaktad\u0131r. A\u011f\u0131rl\u0131k \u00f6l\u00e7mede y\u00fcksek \u00e7\u00f6z\u00fcn\u00fcrl\u00fckl\u00fc tart\u0131m indikat\u00f6rleri kullan\u0131lmaktad\u0131r. Bu indikat\u00f6rler; h\u0131zl\u0131, duyarl\u0131l\u0131k ve do\u011fruluk s\u0131n\u0131f\u0131 y\u00fcksek \u00f6zellikleriyle <strong>SUNSET<\/strong>&#8216;in kullan\u0131c\u0131lar\u0131na sundu\u011fu ileri teknoloji ve k\u00fc\u00e7\u00fck boyutlara sahip a\u011f\u0131rl\u0131k \u00f6l\u00e7me indikat\u00f6r\u00fcd\u00fcr. Tart\u0131m indikat\u00f6rleri PLC\u2019ye a\u011f\u0131rl\u0131k bilgilerini do\u011frudan analog olarak g\u00f6ndermektedir. Yani a\u011f\u0131rl\u0131k kontrolu bilgisayarda de\u011fil PLC \u00fczerinde yap\u0131lmaktad\u0131r. B\u00f6ylece sistemde bilgisayar sadece PLC ile haberle\u015fmektedir. Bu nedenle bilgisayar ekran\u0131ndan sistem gecikmesiz olarak an\u0131nda takip edilmektedir. <strong>SUNSET<\/strong> Haz\u0131r Beton Program\u0131m\u0131z mevcut standart SCADA paket programlar\u0131ndan farkl\u0131 olarak sadece haz\u0131r beton santral\u0131 i\u00e7in \u00f6zel yaz\u0131lm\u0131\u015f bir proses kontrol program\u0131 oldu\u011fu i\u00e7in \u00e7ok daha h\u0131zl\u0131 bir haberle\u015fme ger\u00e7ekle\u015ftirilmektedir. Buna ba\u011fl\u0131 olarak beton \u00fcretim performans\u0131 da SCADA paket programlar\u0131yla ger\u00e7ekle\u015ftirilen benzer sistemlerin olduk\u00e7a \u00fcst\u00fcndedir.<\/p>\n\n\n\n<p><strong>SUNSET<\/strong> t\u00fcm\u00fcyle y\u00fcksek kalitede ekipmanlar\u0131, uygun fiyat, haz\u0131r stok avantajlar\u0131 ve h\u0131zl\u0131 servisi ile bir beton santralinde istenen do\u011fru ve hassas dozajlaman\u0131n yan\u0131s\u0131ra s\u00fcrekli ve g\u00fcvenilir bir \u00e7al\u0131\u015fman\u0131n garantisini vermektedir.<\/p>\n\n\n<div class=\"wp-block-image\">\n<figure class=\"aligncenter size-full is-resized\"><img loading=\"lazy\" decoding=\"async\" src=\"https:\/\/sunset.com.tr\/wp-content\/uploads\/2022\/08\/image-13.png\" alt=\"\" class=\"wp-image-794\" width=\"392\" height=\"288\" srcset=\"https:\/\/sunset.com.tr\/wp-content\/uploads\/2022\/08\/image-13.png 546w, https:\/\/sunset.com.tr\/wp-content\/uploads\/2022\/08\/image-13-300x220.png 300w\" sizes=\"auto, (max-width: 392px) 100vw, 392px\" \/><\/figure>\n<\/div>\n\n\n<p><strong><strong><mark style=\"background-color:rgba(0, 0, 0, 0);color:#f5dd27\" class=\"has-inline-color\">SUN<\/mark><mark style=\"background-color:rgba(0, 0, 0, 0);color:#1a37b6\" class=\"has-inline-color\">CRETE<\/mark><\/strong> Haz\u0131r Beton Sistemi \u00d6zellikleri:<\/strong><\/p>\n\n\n\n<ul class=\"wp-block-list\"><li>Sistem <strong>TS EN 206-1<\/strong> normlar\u0131na g\u00f6re ve beton santrallerinin b\u00fct\u00fcn tiplerine uygun olarak haz\u0131rland\u0131\u011f\u0131ndan tek PLC ve tek PC program\u0131 kullan\u0131lm\u0131\u015ft\u0131r. Santral tipinizi se\u00e7tikten sonra ekran ve program se\u00e7ti\u011finiz modele g\u00f6re otomatik olarak de\u011fi\u015fmektedir.<\/li><li>Program\u0131m\u0131z 6 \u00e7imento, 5 katk\u0131 ve 3 su desteklemekte olup agrega say\u0131s\u0131 8\u2019e kadar \u00e7\u0131kart\u0131labilmekte ve istenilen (T) tipi iki agrega kantar\u0131&nbsp; veya (L) tipi tek agrega kantarl\u0131&nbsp; konfig\u00fcrasyonlar\u0131&nbsp; toplam 8 bunker olarak \u00e7al\u0131\u015ft\u0131r\u0131labilmektedir<\/li><\/ul>\n\n\n\n<ul class=\"wp-block-list\"><li>Bilgisayar \u00fczerinden sistem manuel kumanda edilebilmektedir.<\/li><li>Bir kamyonun son \u015farj\u0131 verilirken bir sonraki \u00fcretime ait ilk \u015farj\u0131n bo\u015falan bunkerlerde tart\u0131m\u0131 ba\u015flat\u0131larak sistem daha h\u0131zl\u0131 \u00e7al\u0131\u015ft\u0131r\u0131lmaktad\u0131r.<\/li><li>Sistemin alarm listesi \u00fczerine fare ile gidildi\u011finde ilgili alarm\u0131n giderilmesi i\u00e7in yap\u0131lmas\u0131 gereken i\u015flemler hakk\u0131nda bilgi yaz\u0131s\u0131 fare \u00fcst\u00fcnde tutuldu\u011fu s\u00fcrece verilmektedir.<\/li><li>PLC i\u00e7inde yer alan zaman parametrelerinin PC konfig\u00fcrasyon ekran\u0131na ta\u015f\u0131nmas\u0131 sa\u011flanarak zaman ayarlar\u0131n\u0131n istenildi\u011finde operat\u00f6r taraf\u0131ndan yap\u0131lmas\u0131 sa\u011flanmaktad\u0131r.<\/li><li>Elektrik kesintilerinden sonra enerji geldi\u011finde \u00fcretim kald\u0131\u011f\u0131 yerden devam etmektedir.<\/li><li>Mikserde mal varken yanl\u0131\u015fl\u0131kla mikser stop d\u00fc\u011fmesine bas\u0131lmas\u0131 halinde mikserin durmas\u0131 engellenmektedir.<\/li><li>Uzak bilgisayarlardan sisteme her \u00e7e\u015fit m\u00fcdahelenin yetkili ki\u015filerce yap\u0131labilmesi imkan\u0131 (remote control) \u00f6zelli\u011fi bulunmaktad\u0131r.<\/li><li>Stok kayd\u0131 ve otomatik kamyon kantar\u0131 ba\u011flant\u0131s\u0131 bulunmaktad\u0131r.<\/li><li>Sistemde irsaliye,kantar fi\u015fi ve \u00fcretim detay ayarlar\u0131 kullan\u0131c\u0131n\u0131n iste\u011fine g\u00f6re dizayn edilebilir ve de\u011fi\u015fik bilgiler,\u00f6zel logolar vs. bilgiler irsaliye \u00fczerine bast\u0131r\u0131labilir.<\/li><li>Kullan\u0131c\u0131 tan\u0131mlama ve yetki seviyesi verme, maksimum yetkili ki\u015fiye verilebilir ve istenildi\u011fi zaman s\u0131n\u0131rs\u0131z say\u0131da kullan\u0131c\u0131 eklenebilir.<\/li><li>Raporlar ekran\u0131nda yeterli say\u0131da her firman\u0131n iste\u011fini kar\u015f\u0131layacak \u015fekilde rapor bulunmaktad\u0131r. Ayr\u0131ca kullan\u0131c\u0131n\u0131n kendine \u00f6zel rapor olu\u015fturabilmesi i\u00e7in sistemde raporlar b\u00f6l\u00fcm\u00fcnde rapor dizayn b\u00f6l\u00fcm\u00fc konulmu\u015ftur.<\/li><\/ul>\n\n\n\n<div class=\"wp-block-columns is-layout-flex wp-container-core-columns-is-layout-9d6595d7 wp-block-columns-is-layout-flex\">\n<div class=\"wp-block-column is-layout-flow wp-block-column-is-layout-flow\"><\/div>\n<\/div>\n","protected":false},"excerpt":{"rendered":"<p>Haz\u0131r Beton Otomasyonu SUNCRETE Haz\u0131r Beton Otomasyon Sistemi tamamen PLC kontrollu olup, bilgisayar \u00fczerinden otomatik, dokunmatik operator panel \u00fczerinden yar\u0131 otomatik ve kumanda panosu \u00fczerinden manuel \u00fcretim olarak \u00fc\u00e7 tipte \u00e7al\u0131\u015fabilecek \u015fekilde tasarlanm\u0131\u015ft\u0131r. SUNCRETE Haz\u0131r Beton Otomasyon Sistemi, 10 y\u0131l\u0131 a\u015fk\u0131n s\u00fcredir a\u011f\u0131rl\u0131k \u00f6l\u00e7me, batch&nbsp; sistemler, loadcell ve tart\u0131m indikat\u00f6r\u00fc kullan\u0131m\u0131 tecr\u00fcbesinin sonucunda ortaya \u00e7\u0131km\u0131\u015f [&hellip;]<\/p>\n","protected":false},"author":1,"featured_media":0,"parent":0,"menu_order":0,"comment_status":"closed","ping_status":"closed","template":"","meta":{"footnotes":""},"class_list":["post-790","page","type-page","status-publish","hentry"],"_links":{"self":[{"href":"https:\/\/sunset.com.tr\/index.php?rest_route=\/wp\/v2\/pages\/790","targetHints":{"allow":["GET"]}}],"collection":[{"href":"https:\/\/sunset.com.tr\/index.php?rest_route=\/wp\/v2\/pages"}],"about":[{"href":"https:\/\/sunset.com.tr\/index.php?rest_route=\/wp\/v2\/types\/page"}],"author":[{"embeddable":true,"href":"https:\/\/sunset.com.tr\/index.php?rest_route=\/wp\/v2\/users\/1"}],"replies":[{"embeddable":true,"href":"https:\/\/sunset.com.tr\/index.php?rest_route=%2Fwp%2Fv2%2Fcomments&post=790"}],"version-history":[{"count":5,"href":"https:\/\/sunset.com.tr\/index.php?rest_route=\/wp\/v2\/pages\/790\/revisions"}],"predecessor-version":[{"id":1395,"href":"https:\/\/sunset.com.tr\/index.php?rest_route=\/wp\/v2\/pages\/790\/revisions\/1395"}],"wp:attachment":[{"href":"https:\/\/sunset.com.tr\/index.php?rest_route=%2Fwp%2Fv2%2Fmedia&parent=790"}],"curies":[{"name":"wp","href":"https:\/\/api.w.org\/{rel}","templated":true}]}}