{"id":796,"date":"2022-08-10T13:14:14","date_gmt":"2022-08-10T10:14:14","guid":{"rendered":"https:\/\/sunset.com.tr\/?page_id=796"},"modified":"2022-08-15T14:53:21","modified_gmt":"2022-08-15T11:53:21","slug":"sunchemy","status":"publish","type":"page","link":"https:\/\/sunset.com.tr\/?page_id=796","title":{"rendered":"SunChemy"},"content":{"rendered":"<div class=\"wp-block-image\">\n<figure class=\"alignright size-full is-resized\"><img loading=\"lazy\" decoding=\"async\" src=\"https:\/\/sunset.com.tr\/wp-content\/uploads\/2022\/08\/image-14.png\" alt=\"\" class=\"wp-image-802\" width=\"361\" height=\"264\" srcset=\"https:\/\/sunset.com.tr\/wp-content\/uploads\/2022\/08\/image-14.png 1019w, https:\/\/sunset.com.tr\/wp-content\/uploads\/2022\/08\/image-14-600x440.png 600w, https:\/\/sunset.com.tr\/wp-content\/uploads\/2022\/08\/image-14-300x220.png 300w, https:\/\/sunset.com.tr\/wp-content\/uploads\/2022\/08\/image-14-768x563.png 768w\" sizes=\"auto, (max-width: 361px) 100vw, 361px\" \/><\/figure>\n<\/div>\n\n\n<p>Yap\u0131 Kimyasallar\u0131 Otomasyonu<\/p>\n\n\n\n<p><strong><mark style=\"background-color:rgba(0, 0, 0, 0);color:#fbe56b\" class=\"has-inline-color\">SUN<\/mark><mark style=\"background-color:rgba(0, 0, 0, 0);color:#2922a3\" class=\"has-inline-color\">CHEMY<\/mark><\/strong> Yap\u0131 Kimyasallar\u0131 Otomasyonu \u00c7imento, Haz\u0131r S\u0131va, Seramik Yap\u0131\u015ft\u0131rma, Derz Dolgu, Al\u00e7\u0131 gibi malzemelerin \u00fcretim tesislerine y\u00f6nelik haz\u0131rlam\u0131\u015f olup, genel olarak batch sistem mimarisine g\u00f6re tasarlanm\u0131\u015ft\u0131r.<\/p>\n\n\n\n<p><strong><mark style=\"background-color:rgba(0, 0, 0, 0);color:#fbe56b\" class=\"has-inline-color\">SUN<\/mark><mark style=\"background-color:rgba(0, 0, 0, 0);color:#2922a3\" class=\"has-inline-color\">CHEMY<\/mark><\/strong> Otomasyon<strong> <\/strong>Sistemi ile tart\u0131m \u00fcniteleri, ta\u015f\u0131y\u0131c\u0131 konvey\u00f6rler, kar\u0131\u015ft\u0131rma mikserleri, f\u0131r\u0131n ve kurutucu gibi motorlar\u0131n \u00e7al\u0131\u015fma s\u0131ralar\u0131, durma \u015fartlar\u0131, i\u015flem sonu yapaca\u011f\u0131 g\u00f6revleri otomatik olarak ayarlan\u0131r ve \u00e7al\u0131\u015ft\u0131r\u0131l\u0131r. Sistem tamamen PLC Kontrollu olup \u00fcretim tam otomatik olarak ger\u00e7ekle\u015ftirilmektedir. MCC, PLC ve Kumanda Panolar\u0131 ile anahtar teslim olarak \u00e7\u00f6z\u00fcm sunulmu\u015ftur.<\/p>\n\n\n\n<p><strong>Sistem \u00d6zellikleri:<\/strong><\/p>\n\n\n\n<ul class=\"wp-block-list\"><li>Sistem \u00e7al\u0131\u015fma \u015fekli tam manuel, yar\u0131 otomatik ve tam otomatik olarak se\u00e7ilebilmektedir.<\/li><li>G\u00fcnl\u00fck girilen \u00fcretim program\u0131 ile kesintisiz \u00fcretim sa\u011flanmaktad\u0131r.<\/li><li>Ana ekran \u00fczerinde sistemin \u00e7al\u0131\u015fmas\u0131 ve o anda yap\u0131lan re\u00e7ete ve s\u0131rada bekleyen \u00fcretimler izlenebilmektedir.<\/li><li>\u00dcretim emirleri ve re\u00e7ete kay\u0131tlar\u0131 s\u0131n\u0131rs\u0131z say\u0131da yap\u0131labilmektedir.<\/li><li>Re\u00e7etelere \u00f6zel parametreler (kar\u0131\u015ft\u0131rma mikseri kapasitesi, kar\u0131\u015ft\u0131rma s\u00fcresi, \u00e7imento gecikme s\u00fcresi, su gecikme s\u00fcresi, mikser kapak s\u00fcresi vb.) girilerek her re\u00e7eteye \u00f6zel ayar yap\u0131labilmektedir.<\/li><li>Silo ayarlar\u0131ndan direkt olarak silo se\u00e7me veya malzemelerin silolar\u0131n\u0131n yerini de\u011fi\u015ftirme \u00f6zelli\u011fi mevcuttur.<\/li><li>Zaman ayarlar\u0131, kapasite ayarlar\u0131, havada kalan malzeme ayarlar\u0131 gibi bir\u00e7ok parametrenin sistemin daha h\u0131zl\u0131 \u00e7al\u0131\u015fabilmesi veya beton kalitesinin y\u00fckseltilmesi i\u00e7in de\u011fi\u015ftirmesine izin verilmi\u015ftir.<\/li><li>Ar\u0131zalar\u0131n operat\u00f6r taraf\u0131ndan daha \u00e7abuk fark edilmesi i\u00e7in sesli uyar\u0131 \u00f6zelli\u011fi ve yaz\u0131l\u0131 olarak ana ekran alt\u0131nda alarm g\u00f6stergesi \u00f6zelli\u011fi bulunmaktad\u0131r.<\/li><li>Operat\u00f6r\u00fcn \u00fcretim haricinde di\u011fer programlar\u0131 \u00e7al\u0131\u015ft\u0131rmas\u0131 engellemek i\u00e7in Windows korumas\u0131 bulunmaktad\u0131r.<\/li><li>Kullan\u0131c\u0131 tan\u0131mlama ve yetki seviyesi verme maksimum yetkili ki\u015fiye verilebilir ve istenildi\u011fi zaman s\u0131n\u0131rs\u0131z say\u0131da kullan\u0131c\u0131 eklenebilmektedir.<\/li><li>Ge\u00e7mi\u015fte olu\u015fan hatalar, olu\u015fma zaman\u0131, onay zaman\u0131 ve d\u00fczelme zaman\u0131 rapor halinde g\u00f6r\u00fclebilmektedir.<\/li><\/ul>\n\n\n\n<div class=\"wp-block-columns is-layout-flex wp-container-core-columns-is-layout-9d6595d7 wp-block-columns-is-layout-flex\">\n<div class=\"wp-block-column is-layout-flow wp-block-column-is-layout-flow\"><\/div>\n<\/div>\n","protected":false},"excerpt":{"rendered":"<p>Yap\u0131 Kimyasallar\u0131 Otomasyonu SUNCHEMY Yap\u0131 Kimyasallar\u0131 Otomasyonu \u00c7imento, Haz\u0131r S\u0131va, Seramik Yap\u0131\u015ft\u0131rma, Derz Dolgu, Al\u00e7\u0131 gibi malzemelerin \u00fcretim tesislerine y\u00f6nelik haz\u0131rlam\u0131\u015f olup, genel olarak batch sistem mimarisine g\u00f6re tasarlanm\u0131\u015ft\u0131r. SUNCHEMY Otomasyon Sistemi ile tart\u0131m \u00fcniteleri, ta\u015f\u0131y\u0131c\u0131 konvey\u00f6rler, kar\u0131\u015ft\u0131rma mikserleri, f\u0131r\u0131n ve kurutucu gibi motorlar\u0131n \u00e7al\u0131\u015fma s\u0131ralar\u0131, durma \u015fartlar\u0131, i\u015flem sonu yapaca\u011f\u0131 g\u00f6revleri otomatik olarak ayarlan\u0131r [&hellip;]<\/p>\n","protected":false},"author":1,"featured_media":0,"parent":0,"menu_order":0,"comment_status":"closed","ping_status":"closed","template":"","meta":{"footnotes":""},"class_list":["post-796","page","type-page","status-publish","hentry"],"_links":{"self":[{"href":"https:\/\/sunset.com.tr\/index.php?rest_route=\/wp\/v2\/pages\/796","targetHints":{"allow":["GET"]}}],"collection":[{"href":"https:\/\/sunset.com.tr\/index.php?rest_route=\/wp\/v2\/pages"}],"about":[{"href":"https:\/\/sunset.com.tr\/index.php?rest_route=\/wp\/v2\/types\/page"}],"author":[{"embeddable":true,"href":"https:\/\/sunset.com.tr\/index.php?rest_route=\/wp\/v2\/users\/1"}],"replies":[{"embeddable":true,"href":"https:\/\/sunset.com.tr\/index.php?rest_route=%2Fwp%2Fv2%2Fcomments&post=796"}],"version-history":[{"count":11,"href":"https:\/\/sunset.com.tr\/index.php?rest_route=\/wp\/v2\/pages\/796\/revisions"}],"predecessor-version":[{"id":1396,"href":"https:\/\/sunset.com.tr\/index.php?rest_route=\/wp\/v2\/pages\/796\/revisions\/1396"}],"wp:attachment":[{"href":"https:\/\/sunset.com.tr\/index.php?rest_route=%2Fwp%2Fv2%2Fmedia&parent=796"}],"curies":[{"name":"wp","href":"https:\/\/api.w.org\/{rel}","templated":true}]}}