{"id":808,"date":"2022-08-10T13:25:26","date_gmt":"2022-08-10T10:25:26","guid":{"rendered":"https:\/\/sunset.com.tr\/?page_id=808"},"modified":"2022-08-26T15:22:03","modified_gmt":"2022-08-26T12:22:03","slug":"suncrash","status":"publish","type":"page","link":"https:\/\/sunset.com.tr\/?page_id=808","title":{"rendered":"SunCrush"},"content":{"rendered":"\n<p>K\u0131rma Eleme Otomasyonu<\/p>\n\n\n\n<p><strong><mark style=\"background-color:rgba(0, 0, 0, 0);color:#fde477\" class=\"has-inline-color\">SUN<\/mark><\/strong><mark style=\"background-color:rgba(0, 0, 0, 0);color:#f7df76\" class=\"has-inline-color\"><mark style=\"background-color:rgba(0, 0, 0, 0);color:#26289e\" class=\"has-inline-color\"><strong>CRuSH<\/strong><\/mark><\/mark> K\u0131rma elme tesisi otomasyonu, PLC\u2019den ba\u011f\u0131ms\u0131z manuel \u00e7al\u0131\u015fma, dokunmatik operat\u00f6r panel \u00fczerinden yar\u0131 otomatik \u00e7al\u0131\u015fma veya PLC \u00fczerinden tam otomatik \u00e7al\u0131\u015fma \u015fekli olarak\u00a0 tasarlanm\u0131\u015ft\u0131r.<\/p>\n\n\n\n<p><strong><mark style=\"background-color:rgba(0, 0, 0, 0);color:#fde477\" class=\"has-inline-color\">SUN<\/mark><\/strong><mark style=\"background-color:rgba(0, 0, 0, 0);color:#f7df76\" class=\"has-inline-color\"><mark style=\"background-color:rgba(0, 0, 0, 0);color:#26289e\" class=\"has-inline-color\"><strong>CRUSH<\/strong><\/mark><\/mark><strong> <\/strong>K\u0131rma Eleme Sisteminin kontrolu gerek SCADA gerekse Dokunmatik Ekran Operat\u00f6r Panel \u00fczerinden ayn\u0131 anda veya ayr\u0131 ayr\u0131 yap\u0131labilmektedir. Her iki durumda da operat\u00f6r anamenu \u00fczerindeki butonlar vas\u0131tas\u0131 ile alt ekranlara ula\u015fabilmektedir. Motor \u00e7al\u0131\u015fma s\u0131ralamas\u0131, ba\u015flang\u0131\u00e7 ve durma gecikmeleri bu ekranlardam yap\u0131lmaktad\u0131r. Ayr\u0131ca K\u0131r\u0131c\u0131lara, Besleyicilere, Konveyor Bandlara ait switch ayar parametreleri de istenildi\u011fi gibi ayarlanmaktad\u0131r. Sistemin \u00e7al\u0131\u015fmas\u0131 a\u00e7\u0131s\u0131ndan tehlikeli olabilecek parametre de\u011fi\u015fikliklerini engellemek i\u00e7in \u015eifre Giri\u015f Ekran\u0131 ve girilmesi engellenecek alt ekranlara \u015fifre koyma i\u015flemi yap\u0131labilmektedir.<\/p>\n\n\n<div class=\"wp-block-image\">\n<figure class=\"aligncenter size-full is-resized\"><img loading=\"lazy\" decoding=\"async\" src=\"https:\/\/sunset.com.tr\/wp-content\/uploads\/2022\/08\/crusher_scada_01-1.jpg\" alt=\"\" class=\"wp-image-814\" width=\"434\" height=\"261\" srcset=\"https:\/\/sunset.com.tr\/wp-content\/uploads\/2022\/08\/crusher_scada_01-1.jpg 631w, https:\/\/sunset.com.tr\/wp-content\/uploads\/2022\/08\/crusher_scada_01-1-600x361.jpg 600w, https:\/\/sunset.com.tr\/wp-content\/uploads\/2022\/08\/crusher_scada_01-1-300x181.jpg 300w\" sizes=\"auto, (max-width: 434px) 100vw, 434px\" \/><\/figure>\n<\/div>\n\n\n<p>MCC Panolar\u0131 Toza dayan\u0131kl\u0131 IP55 koruma s\u0131n\u0131f\u0131nda se\u00e7ilmi\u015f olup, busbar tekni\u011fine g\u00f6re dizayn edilerek h\u0131zl\u0131 montaj ve maksimum g\u00fcvenlik hedeflenmi\u015ftir. Piyano pano \u00fczerinde bulunan butonlar vas\u0131tas\u0131 ile sistem tam manuel veya interlock\u2019lu manuel olarak \u00e7al\u0131\u015ft\u0131r\u0131labilir \u00f6zelliktedir.<\/p>\n\n\n\n<p>K\u0131r\u0131c\u0131 motor ak\u0131mlar\u0131 online olarak izlenir ve buna ba\u011fl\u0131 olarak besleyici devirleri otomatik olarak ayarlan\u0131r. Motorlar a\u015f\u0131r\u0131 y\u00fcklenmeye kar\u015f\u0131 korunarak istenmeyen duru\u015flar ve malzeme ta\u015fmalar\u0131 engellenir.<\/p>\n\n\n<div class=\"wp-block-image\">\n<figure class=\"aligncenter size-full is-resized\"><img loading=\"lazy\" decoding=\"async\" src=\"https:\/\/sunset.com.tr\/wp-content\/uploads\/2022\/08\/image-17.png\" alt=\"\" class=\"wp-image-820\" width=\"669\" height=\"228\" srcset=\"https:\/\/sunset.com.tr\/wp-content\/uploads\/2022\/08\/image-17.png 812w, https:\/\/sunset.com.tr\/wp-content\/uploads\/2022\/08\/image-17-600x205.png 600w, https:\/\/sunset.com.tr\/wp-content\/uploads\/2022\/08\/image-17-300x102.png 300w, https:\/\/sunset.com.tr\/wp-content\/uploads\/2022\/08\/image-17-768x262.png 768w\" sizes=\"auto, (max-width: 669px) 100vw, 669px\" \/><\/figure>\n<\/div>\n\n\n<p><mark style=\"background-color:rgba(0, 0, 0, 0);color:#f7df76\" class=\"has-inline-color\"><strong>SUN<\/strong><\/mark><mark style=\"background-color:rgba(0, 0, 0, 0);color:#26289e\" class=\"has-inline-color\"><strong>CRUSH<\/strong><\/mark> Otomasyon Sistemi K\u0131r\u0131c\u0131, Konvey\u00f6r, Elek, Besleyici gibi motorlar\u0131n yolverme cihazlar\u0131n\u0131 olu\u015fturan MCC Pano ve buna ba\u011fl\u0131 olarak Kumanda, Mimik Panel ve G\u00f6stergeler \u00fczerinden izleme olana\u011f\u0131 sa\u011flayan Piyano tipi PLC Panosundan olu\u015fmaktad\u0131r.<\/p>\n\n\n\n<p><mark style=\"background-color:rgba(0, 0, 0, 0);color:#f7df76\" class=\"has-inline-color\"><strong>SUN<\/strong><\/mark><mark style=\"background-color:rgba(0, 0, 0, 0);color:#26289e\" class=\"has-inline-color\"><strong>CRUS<\/strong><\/mark><strong><strong><mark style=\"background-color:rgba(0, 0, 0, 0);color:#26289e\" class=\"has-inline-color\">H<\/mark><\/strong> K\u0131rma Eleme Sistemi \u00d6zellikleri:<\/strong><\/p>\n\n\n\n<ul class=\"wp-block-list\"><li>Motorlar\u0131n kalk\u0131\u015f ve duru\u015f s\u0131ras\u0131 istenildi\u011fi \u015fekilde de\u011fi\u015ftirilebilir. Sistemi olu\u015fturan motorlar gereken s\u0131rada kalk\u0131\u015f yap\u0131p gereken s\u0131rada durur.<\/li><\/ul>\n\n\n\n<ul class=\"wp-block-list\"><li>Meydana gelen herhangi bir ar\u0131zada b\u00fct\u00fcn motorlar durdurmay\u0131p sadece kendinden \u00f6nce \u00e7al\u0131\u015fan motorlar durrarak malzeme ta\u015fmalar\u0131 ve zaman kay\u0131plar\u0131n\u0131 engellenir.<\/li><\/ul>\n\n\n\n<ul class=\"wp-block-list\"><li>Her motor i\u00e7in ayr\u0131 olarak girilen ba\u015flang\u0131\u00e7 zaman\u0131 sayesinde b\u00fct\u00fcn motorlar ayn\u0131 anda devreye girmeyip gecikme zaman\u0131 dolduktan sonra \u00e7al\u0131\u015f\u0131r.<\/li><\/ul>\n\n\n\n<ul class=\"wp-block-list\"><li>Her motor i\u00e7in ayr\u0131 olarak girilen duru\u015f zaman\u0131 sayesinde, sistemi durdururken b\u00fct\u00fcn motorlar\u0131n aniden durmas\u0131 yerine, zaman\u0131 dolduktan sonra ve \u00fczerindeki yada i\u00e7erisindeki malzemeyi bo\u015faltt\u0131ktan sonra durmas\u0131 sa\u011flan\u0131r.<\/li><\/ul>\n\n\n\n<ul class=\"wp-block-list\"><li>Sistemde meydana gelen alarmlar; motorlar\u0131n termik ar\u0131zalar\u0131, \u00e7al\u0131\u015fmama durumlar\u0131, silo ta\u015fmalar\u0131, k\u0131r\u0131c\u0131 motorlar\u0131ndan gelen s\u0131cakl\u0131k, ya\u011fbas\u0131nc\u0131 v.b. sistem ar\u0131zalar\u0131 Scada veya dokunmatik panelden izlenerek ar\u0131zaya m\u00fcdahale etme kolayl\u0131\u011f\u0131 ger\u00e7ekle\u015ftirilmi\u015ftir.<\/li><\/ul>\n\n\n\n<ul class=\"wp-block-list\"><li>Konvey\u00f6r Bandlar \u00fczerindeki ipli \u015falter, band kayd\u0131, devir bek\u00e7isi v.b. switchlerin aktif veya pasif se\u00e7imini, K\u0131r\u0131c\u0131 motorlar\u0131ndan gelen sinyaller i\u00e7in gecikme s\u00fcreleri ve gelen sinyalin aktif veya pasif yap\u0131lmas\u0131 gibi se\u00e7imlerin yap\u0131lmas\u0131 sa\u011flanm\u0131\u015ft\u0131r.<\/li><\/ul>\n\n\n\n<ul class=\"wp-block-list\"><li>Sistemdeki bunkerlerin doluluk oran\u0131na g\u00f6re veya K\u0131r\u0131c\u0131 motorlar\u0131n\u0131n \u00e7al\u0131\u015fmas\u0131 istenen kapasitesine g\u00f6re besleyici motorlar\u0131n\u0131n h\u0131zlar\u0131 otomatik olarak ayarlan\u0131r.<\/li><\/ul>\n\n\n\n<ul class=\"wp-block-list\"><li>B\u00fct\u00fcn tesis i\u00e7in ve \u00f6nemli motorlar i\u00e7in toplam \u00e7al\u0131\u015fma saati, vardiya \u00e7al\u0131\u015fma saati gibi veriler ekran \u00fczerinden izlenebilir.<\/li><\/ul>\n\n\n\n<ul class=\"wp-block-list\"><li>Band Kantar\u0131 ile \u00f6l\u00e7\u00fcm yap\u0131lan \u00fcr\u00fcnler i\u00e7in \u00fcretim raporu ve stok raporu gibi bilgiler izlenebilir.<\/li><\/ul>\n\n\n\n<div class=\"wp-block-columns is-layout-flex wp-container-core-columns-is-layout-9d6595d7 wp-block-columns-is-layout-flex\">\n<div class=\"wp-block-column is-layout-flow wp-block-column-is-layout-flow\"><\/div>\n<\/div>\n","protected":false},"excerpt":{"rendered":"<p>K\u0131rma Eleme Otomasyonu SUNCRuSH K\u0131rma elme tesisi otomasyonu, PLC\u2019den ba\u011f\u0131ms\u0131z manuel \u00e7al\u0131\u015fma, dokunmatik operat\u00f6r panel \u00fczerinden yar\u0131 otomatik \u00e7al\u0131\u015fma veya PLC \u00fczerinden tam otomatik \u00e7al\u0131\u015fma \u015fekli olarak\u00a0 tasarlanm\u0131\u015ft\u0131r. SUNCRUSH K\u0131rma Eleme Sisteminin kontrolu gerek SCADA gerekse Dokunmatik Ekran Operat\u00f6r Panel \u00fczerinden ayn\u0131 anda veya ayr\u0131 ayr\u0131 yap\u0131labilmektedir. Her iki durumda da operat\u00f6r anamenu \u00fczerindeki butonlar [&hellip;]<\/p>\n","protected":false},"author":1,"featured_media":0,"parent":0,"menu_order":0,"comment_status":"closed","ping_status":"closed","template":"","meta":{"footnotes":""},"class_list":["post-808","page","type-page","status-publish","hentry"],"_links":{"self":[{"href":"https:\/\/sunset.com.tr\/index.php?rest_route=\/wp\/v2\/pages\/808","targetHints":{"allow":["GET"]}}],"collection":[{"href":"https:\/\/sunset.com.tr\/index.php?rest_route=\/wp\/v2\/pages"}],"about":[{"href":"https:\/\/sunset.com.tr\/index.php?rest_route=\/wp\/v2\/types\/page"}],"author":[{"embeddable":true,"href":"https:\/\/sunset.com.tr\/index.php?rest_route=\/wp\/v2\/users\/1"}],"replies":[{"embeddable":true,"href":"https:\/\/sunset.com.tr\/index.php?rest_route=%2Fwp%2Fv2%2Fcomments&post=808"}],"version-history":[{"count":17,"href":"https:\/\/sunset.com.tr\/index.php?rest_route=\/wp\/v2\/pages\/808\/revisions"}],"predecessor-version":[{"id":1758,"href":"https:\/\/sunset.com.tr\/index.php?rest_route=\/wp\/v2\/pages\/808\/revisions\/1758"}],"wp:attachment":[{"href":"https:\/\/sunset.com.tr\/index.php?rest_route=%2Fwp%2Fv2%2Fmedia&parent=808"}],"curies":[{"name":"wp","href":"https:\/\/api.w.org\/{rel}","templated":true}]}}