{"id":849,"date":"2022-08-10T15:06:16","date_gmt":"2022-08-10T12:06:16","guid":{"rendered":"https:\/\/sunset.com.tr\/?page_id=849"},"modified":"2022-08-15T14:55:39","modified_gmt":"2022-08-15T11:55:39","slug":"sunsteam","status":"publish","type":"page","link":"https:\/\/sunset.com.tr\/?page_id=849","title":{"rendered":"SunSteam"},"content":{"rendered":"\n<p><strong>Buhar Kazan\u0131 Otomasyonu<\/strong><\/p>\n\n\n\n<p>Buhar kazan\u0131 otomatik kontrol sistemi tamamen PLC kontrollu olup \u00e7\u00f6z\u00fcm i\u00e7in Siemens S7-200 veya S7-300 tipi PLC\u2019ler kullan\u0131lmaktad\u0131r. \u0130\u015fletim Dokunmatik tip operat\u00f6r panel \u00fczerinden veya Scada \u00fczerinden ger\u00e7ekle\u015ftirilmektedir.<\/p>\n\n\n<div class=\"wp-block-image\">\n<figure class=\"alignright size-full is-resized\"><img loading=\"lazy\" decoding=\"async\" src=\"https:\/\/sunset.com.tr\/wp-content\/uploads\/2022\/08\/image-25.png\" alt=\"\" class=\"wp-image-852\" width=\"390\" height=\"296\" srcset=\"https:\/\/sunset.com.tr\/wp-content\/uploads\/2022\/08\/image-25.png 817w, https:\/\/sunset.com.tr\/wp-content\/uploads\/2022\/08\/image-25-600x456.png 600w, https:\/\/sunset.com.tr\/wp-content\/uploads\/2022\/08\/image-25-300x228.png 300w, https:\/\/sunset.com.tr\/wp-content\/uploads\/2022\/08\/image-25-768x584.png 768w\" sizes=\"auto, (max-width: 390px) 100vw, 390px\" \/><\/figure>\n<\/div>\n\n\n<p><strong>Sistem \u00d6zellikleri:<\/strong><\/p>\n\n\n\n<ul class=\"wp-block-list\"><li>Kazan i\u015fletme bas\u0131nc\u0131, su seviyesi, iletkenlik de\u011ferlerinin izlenme \u00f6zeli\u011fi, besi suyu giri\u015f ve \u00e7\u0131k\u0131\u015f s\u0131cakl\u0131\u011f\u0131 izlenmesi.<\/li><li>Degaz\u00f6r ve Kondens tanklar\u0131nda su seviyesi ve su s\u0131cakl\u0131\u011f\u0131n\u0131n izlenmesi.<\/li><li>Baca gaz\u0131 analiz de\u011ferlerinin izlenmesi ve raporlanmas\u0131.<\/li><li>Br\u00fclor, Fan motoru \u00e7al\u0131\u015fma bilgileri frekans, g\u00fc\u00e7, gerilim ve ak\u0131m bilgilerinin raporlanmas\u0131.<\/li><li>\u00dcretilen buhar miktar\u0131n\u0131n s\u0131cakl\u0131k ve bas\u0131n\u00e7 ve fark bas\u0131nc\u0131na ba\u011fl\u0131 olarak hesaplanmas\u0131.<\/li><li>Dip bl\u00f6f\u00fc ve y\u00fczey bl\u00f6f\u00fc vanalar\u0131n\u0131n \u00e7al\u0131\u015fma bilgilerinin izlenmesi.<\/li><li>Fueloil yak\u0131t tank\u0131 seviye ve s\u0131cakl\u0131k bilgisinin izlenmesi ve raporlanmas\u0131.<\/li><li>Kazan ve pompalar\u0131n \u00e7al\u0131\u015fma saatleri, yedekli \u00e7al\u0131\u015fan sistemlerin e\u015fit ya\u015fland\u0131rma ile \u00e7al\u0131\u015fmas\u0131 i\u00e7in gerekli ayarlar\u0131n yap\u0131labilmesi.<\/li><li>Kazan, Kondens Tank\u0131, Degaz\u00f6r sistemlerindeki bas\u0131n\u00e7, s\u0131cakl\u0131k, seviye, iletkenlik gibi alarmlar\u0131n sesli olarak bildirilmesi ve raporlanmas\u0131.<\/li><li>Fiberoptic veya ProfiNET \u00fczerinden uzaktan izlenebilme \u00f6zellikleri bulunmaktad\u0131r.<\/li><\/ul>\n\n\n\n<div class=\"wp-block-columns is-layout-flex wp-container-core-columns-is-layout-9d6595d7 wp-block-columns-is-layout-flex\">\n<div class=\"wp-block-column is-layout-flow wp-block-column-is-layout-flow\"><\/div>\n<\/div>\n","protected":false},"excerpt":{"rendered":"<p>Buhar Kazan\u0131 Otomasyonu Buhar kazan\u0131 otomatik kontrol sistemi tamamen PLC kontrollu olup \u00e7\u00f6z\u00fcm i\u00e7in Siemens S7-200 veya S7-300 tipi PLC\u2019ler kullan\u0131lmaktad\u0131r. \u0130\u015fletim Dokunmatik tip operat\u00f6r panel \u00fczerinden veya Scada \u00fczerinden ger\u00e7ekle\u015ftirilmektedir. Sistem \u00d6zellikleri: Kazan i\u015fletme bas\u0131nc\u0131, su seviyesi, iletkenlik de\u011ferlerinin izlenme \u00f6zeli\u011fi, besi suyu giri\u015f ve \u00e7\u0131k\u0131\u015f s\u0131cakl\u0131\u011f\u0131 izlenmesi. Degaz\u00f6r ve Kondens tanklar\u0131nda su seviyesi [&hellip;]<\/p>\n","protected":false},"author":1,"featured_media":0,"parent":0,"menu_order":0,"comment_status":"closed","ping_status":"closed","template":"","meta":{"footnotes":""},"class_list":["post-849","page","type-page","status-publish","hentry"],"_links":{"self":[{"href":"https:\/\/sunset.com.tr\/index.php?rest_route=\/wp\/v2\/pages\/849","targetHints":{"allow":["GET"]}}],"collection":[{"href":"https:\/\/sunset.com.tr\/index.php?rest_route=\/wp\/v2\/pages"}],"about":[{"href":"https:\/\/sunset.com.tr\/index.php?rest_route=\/wp\/v2\/types\/page"}],"author":[{"embeddable":true,"href":"https:\/\/sunset.com.tr\/index.php?rest_route=\/wp\/v2\/users\/1"}],"replies":[{"embeddable":true,"href":"https:\/\/sunset.com.tr\/index.php?rest_route=%2Fwp%2Fv2%2Fcomments&post=849"}],"version-history":[{"count":3,"href":"https:\/\/sunset.com.tr\/index.php?rest_route=\/wp\/v2\/pages\/849\/revisions"}],"predecessor-version":[{"id":1400,"href":"https:\/\/sunset.com.tr\/index.php?rest_route=\/wp\/v2\/pages\/849\/revisions\/1400"}],"wp:attachment":[{"href":"https:\/\/sunset.com.tr\/index.php?rest_route=%2Fwp%2Fv2%2Fmedia&parent=849"}],"curies":[{"name":"wp","href":"https:\/\/api.w.org\/{rel}","templated":true}]}}