{"id":879,"date":"2022-08-10T15:34:18","date_gmt":"2022-08-10T12:34:18","guid":{"rendered":"https:\/\/sunset.com.tr\/?page_id=879"},"modified":"2022-10-31T12:38:42","modified_gmt":"2022-10-31T09:38:42","slug":"ag-og-dagitim-pano-montaj-cozumleri","status":"publish","type":"page","link":"https:\/\/sunset.com.tr\/?page_id=879","title":{"rendered":"Pano Montaj"},"content":{"rendered":"\n<p>Tamam\u0131yla mod\u00fcler tip panolar ile 1.600 A\u2019e kadar busbar y\u00f6ntemi ile 4000 A\u2019e kadar bak\u0131r bara ile dizayn edilen A.G. ve O.G. da\u011f\u0131t\u0131m panolar\u0131 ile Kompansazyon panolar\u0131 m\u00fc\u015fteri isteklerine ba\u011fl\u0131 olarak \u00fcretilmektedir.<\/p>\n\n\n<div class=\"wp-block-image\">\n<figure class=\"alignright size-full is-resized\"><img loading=\"lazy\" decoding=\"async\" src=\"https:\/\/sunset.com.tr\/wp-content\/uploads\/2022\/08\/image-26.png\" alt=\"\" class=\"wp-image-885\" width=\"376\" height=\"226\" srcset=\"https:\/\/sunset.com.tr\/wp-content\/uploads\/2022\/08\/image-26.png 790w, https:\/\/sunset.com.tr\/wp-content\/uploads\/2022\/08\/image-26-600x361.png 600w, https:\/\/sunset.com.tr\/wp-content\/uploads\/2022\/08\/image-26-300x180.png 300w, https:\/\/sunset.com.tr\/wp-content\/uploads\/2022\/08\/image-26-768x462.png 768w\" sizes=\"auto, (max-width: 376px) 100vw, 376px\" \/><\/figure>\n<\/div>\n\n\n<p>Mod\u00fcler g\u00f6vde yap\u0131s\u0131, kolay ve h\u0131zl\u0131 montaj imkan\u0131, y\u00fcksek mekanik dayan\u0131m, IP40\u2019dan IP65\u2019e Koruma s\u0131n\u0131f\u0131, Sac veya paslanmaz \u00f6zelliklerde her tip pano montaj\u0131 uygulamalar\u0131m\u0131z aras\u0131nda bulunmaktad\u0131r.<\/p>\n\n\n\n<ul class=\"wp-block-list\"><li>Panolar 2mm DKP sacdan \u00fcretilmi\u015f olup, f\u0131r\u0131n boyal\u0131d\u0131r.<\/li><li>Montaj sac\u0131 2-3 mm olup galvaniz sacd\u0131r.<\/li><li>1.600 A\u2019e kadar olan panolar iste\u011fe g\u00f6re busbar tekni\u011fi ile \u00fcretilir.<\/li><li>4.000 A\u2019e kadar olan panolar klasik tip bak\u0131r baral\u0131 olarak \u00fcretilmektedir.<\/li><li>Bara i\u015flemlerinde hidrolik bara b\u00fckme makinalar\u0131 kullan\u0131lmaktad\u0131r.<\/li><li>DS\u0130, \u0130ller Bankas\u0131, Karayollar\u0131 gibi \u00f6zel tip pano montajlar\u0131 yap\u0131labilmektedir.<\/li><li>Panolarda kullan\u0131lan \u015falt malzemeleri i\u00e7in Siemens, Moeller, Telemecanique gibi markalar tercih edilmektedir.<\/li><li>Kompanzasyon panolar\u0131 i\u00e7in standart tip r\u00f6leli sistem veya trist\u00f6rl\u00fc sistemler uygulamalar\u0131m\u0131z aras\u0131nda yer almaktad\u0131r.<\/li><li>Sarf malzemelerinde Phoenix Contact, Busbar malzemelerinde Rittal markalar\u0131 tercih edilmektedir.<\/li><li>B\u00fct\u00fcn malzemeler TSE ve ISO normlar\u0131na uygun D\u00fcnya standartlar\u0131nda imal edilmektedir.<\/li><\/ul>\n\n\n<div class=\"wp-block-image\">\n<figure class=\"aligncenter size-full is-resized\"><img loading=\"lazy\" decoding=\"async\" src=\"https:\/\/sunset.com.tr\/wp-content\/uploads\/2022\/08\/image-28.png\" alt=\"\" class=\"wp-image-887\" width=\"332\" height=\"245\" srcset=\"https:\/\/sunset.com.tr\/wp-content\/uploads\/2022\/08\/image-28.png 905w, https:\/\/sunset.com.tr\/wp-content\/uploads\/2022\/08\/image-28-600x443.png 600w, https:\/\/sunset.com.tr\/wp-content\/uploads\/2022\/08\/image-28-300x221.png 300w, https:\/\/sunset.com.tr\/wp-content\/uploads\/2022\/08\/image-28-768x567.png 768w\" sizes=\"auto, (max-width: 332px) 100vw, 332px\" \/><\/figure>\n<\/div>\n\n\n<p><\/p>\n","protected":false},"excerpt":{"rendered":"<p>Tamam\u0131yla mod\u00fcler tip panolar ile 1.600 A\u2019e kadar busbar y\u00f6ntemi ile 4000 A\u2019e kadar bak\u0131r bara ile dizayn edilen A.G. ve O.G. da\u011f\u0131t\u0131m panolar\u0131 ile Kompansazyon panolar\u0131 m\u00fc\u015fteri isteklerine ba\u011fl\u0131 olarak \u00fcretilmektedir. Mod\u00fcler g\u00f6vde yap\u0131s\u0131, kolay ve h\u0131zl\u0131 montaj imkan\u0131, y\u00fcksek mekanik dayan\u0131m, IP40\u2019dan IP65\u2019e Koruma s\u0131n\u0131f\u0131, Sac veya paslanmaz \u00f6zelliklerde her tip pano montaj\u0131 [&hellip;]<\/p>\n","protected":false},"author":1,"featured_media":0,"parent":0,"menu_order":0,"comment_status":"closed","ping_status":"closed","template":"","meta":{"footnotes":""},"class_list":["post-879","page","type-page","status-publish","hentry"],"_links":{"self":[{"href":"https:\/\/sunset.com.tr\/index.php?rest_route=\/wp\/v2\/pages\/879","targetHints":{"allow":["GET"]}}],"collection":[{"href":"https:\/\/sunset.com.tr\/index.php?rest_route=\/wp\/v2\/pages"}],"about":[{"href":"https:\/\/sunset.com.tr\/index.php?rest_route=\/wp\/v2\/types\/page"}],"author":[{"embeddable":true,"href":"https:\/\/sunset.com.tr\/index.php?rest_route=\/wp\/v2\/users\/1"}],"replies":[{"embeddable":true,"href":"https:\/\/sunset.com.tr\/index.php?rest_route=%2Fwp%2Fv2%2Fcomments&post=879"}],"version-history":[{"count":8,"href":"https:\/\/sunset.com.tr\/index.php?rest_route=\/wp\/v2\/pages\/879\/revisions"}],"predecessor-version":[{"id":2204,"href":"https:\/\/sunset.com.tr\/index.php?rest_route=\/wp\/v2\/pages\/879\/revisions\/2204"}],"wp:attachment":[{"href":"https:\/\/sunset.com.tr\/index.php?rest_route=%2Fwp%2Fv2%2Fmedia&parent=879"}],"curies":[{"name":"wp","href":"https:\/\/api.w.org\/{rel}","templated":true}]}}