{"id":945,"date":"2022-08-10T17:18:06","date_gmt":"2022-08-10T14:18:06","guid":{"rendered":"https:\/\/sunset.com.tr\/?page_id=945"},"modified":"2022-08-10T17:23:51","modified_gmt":"2022-08-10T14:23:51","slug":"savunma-sanayi","status":"publish","type":"page","link":"https:\/\/sunset.com.tr\/?page_id=945","title":{"rendered":"Savunma Sanayi"},"content":{"rendered":"\n<div class=\"wp-block-columns is-layout-flex wp-container-core-columns-is-layout-9d6595d7 wp-block-columns-is-layout-flex\">\n<div class=\"wp-block-column is-layout-flow wp-block-column-is-layout-flow\"><\/div>\n<\/div>\n\n\n\n<ul class=\"wp-block-list\"><li><strong>Sistem Entegrasyon Laboratuvarlar\u0131<\/strong><\/li><li><strong>Yaz\u0131l\u0131m Test Sistemleri<\/strong><\/li><li><strong>Aviyonik Kablolama<\/strong><\/li><li><strong>Kokpit, Konsol, Silah ta\u015f\u0131ma sistemleri<\/strong><\/li><\/ul>\n\n\n\n<p>Otomasyon alan\u0131nda kazand\u0131\u011f\u0131m\u0131z bilgi, birikim ve tecr\u00fcbe ile Savunma Sanayinde 10 y\u0131l\u0131 a\u015fan s\u00fcredir hizmet vermekteyiz. Bu do\u011frultuda, otomasyon alan\u0131nda kullan\u0131lan programlanabilir kontrol ekipmanlar\u0131n\u0131, aviyonik cihazlar\u0131n tasar\u0131m a\u015famas\u0131ndaki entegrasyon, kalifikasyon ve do\u011frulama testlerinde ihtiya\u00e7 duyulan yaz\u0131l\u0131m ve donan\u0131m i\u00e7in kullanmaktay\u0131z. Kurulan sistemler ile aviyonik cihazlar\u0131n ayr\u0131k giri\u015f-\u00e7\u0131k\u0131\u015f testleri, elektriksel sinyalizasyonlar\u0131n izlenmesi, sistem hatalar\u0131n\u0131n alg\u0131lanmas\u0131 ve raporlanmas\u0131 ile pilot ara\u00e7 ileti\u015fiminin testi sa\u011flanmaktad\u0131r.<\/p>\n\n\n\n<p>Sistemlerin Kokpit Konsol mekanik tasar\u0131mlar\u0131 ve montaj\u0131, aviyonik cihazlar\u0131n ve elektronik harp sistemlerinin yerle\u015fim raflar\u0131, silah ta\u015f\u0131ma sistemlerinin mekanik tasar\u0131mlar\u0131, 3D ortamlarda tasarlanarak, tamamen \u00f6zg\u00fcn olarak ger\u00e7ekle\u015ftirilmektedir.<\/p>\n\n\n\n<p>Mekanik ve elektronik sistemle senkronize \u00e7al\u0131\u015fan haz\u0131rlam\u0131\u015f oldu\u011fumuz \u00f6zg\u00fcn aray\u00fcz programlar\u0131 ile sistemlerin MIL-STD-1553, Arinc, Seri Haberle\u015fme, Ethernet, Ayr\u0131k ve analog giri\u015f \u00e7\u0131k\u0131\u015flar\u0131, Video aray\u00fczleri, G\u00fc\u00e7 sistemi gibi \u00f6zellikleri test edilmektedir.<\/p>\n\n\n<div class=\"wp-block-image\">\n<figure class=\"aligncenter size-large is-resized\"><img loading=\"lazy\" decoding=\"async\" src=\"https:\/\/sunset.com.tr\/wp-content\/uploads\/2022\/08\/image-31-1024x434.png\" alt=\"\" class=\"wp-image-947\" width=\"656\" height=\"278\" srcset=\"https:\/\/sunset.com.tr\/wp-content\/uploads\/2022\/08\/image-31-1024x434.png 1024w, https:\/\/sunset.com.tr\/wp-content\/uploads\/2022\/08\/image-31-600x254.png 600w, https:\/\/sunset.com.tr\/wp-content\/uploads\/2022\/08\/image-31-300x127.png 300w, https:\/\/sunset.com.tr\/wp-content\/uploads\/2022\/08\/image-31-768x325.png 768w, https:\/\/sunset.com.tr\/wp-content\/uploads\/2022\/08\/image-31.png 1039w\" sizes=\"auto, (max-width: 656px) 100vw, 656px\" \/><\/figure>\n<\/div>\n\n\n<div class=\"wp-block-columns is-layout-flex wp-container-core-columns-is-layout-9d6595d7 wp-block-columns-is-layout-flex\">\n<div class=\"wp-block-column is-layout-flow wp-block-column-is-layout-flow\"><\/div>\n<\/div>\n\n\n<div class=\"wp-block-image\">\n<figure class=\"aligncenter size-large is-resized\"><img loading=\"lazy\" decoding=\"async\" src=\"https:\/\/sunset.com.tr\/wp-content\/uploads\/2022\/08\/image-32-1024x405.png\" alt=\"\" class=\"wp-image-951\" width=\"648\" height=\"256\" srcset=\"https:\/\/sunset.com.tr\/wp-content\/uploads\/2022\/08\/image-32-1024x405.png 1024w, https:\/\/sunset.com.tr\/wp-content\/uploads\/2022\/08\/image-32-600x237.png 600w, https:\/\/sunset.com.tr\/wp-content\/uploads\/2022\/08\/image-32-300x119.png 300w, https:\/\/sunset.com.tr\/wp-content\/uploads\/2022\/08\/image-32-768x304.png 768w, https:\/\/sunset.com.tr\/wp-content\/uploads\/2022\/08\/image-32.png 1041w\" sizes=\"auto, (max-width: 648px) 100vw, 648px\" \/><\/figure>\n<\/div>\n\n\n<div class=\"wp-block-columns is-layout-flex wp-container-core-columns-is-layout-9d6595d7 wp-block-columns-is-layout-flex\">\n<div class=\"wp-block-column is-layout-flow wp-block-column-is-layout-flow\"><\/div>\n<\/div>\n\n\n<div class=\"wp-block-image\">\n<figure class=\"aligncenter size-full is-resized\"><img loading=\"lazy\" decoding=\"async\" src=\"https:\/\/sunset.com.tr\/wp-content\/uploads\/2022\/08\/image-33.png\" alt=\"\" class=\"wp-image-956\" width=\"638\" height=\"341\" srcset=\"https:\/\/sunset.com.tr\/wp-content\/uploads\/2022\/08\/image-33.png 774w, https:\/\/sunset.com.tr\/wp-content\/uploads\/2022\/08\/image-33-600x320.png 600w, https:\/\/sunset.com.tr\/wp-content\/uploads\/2022\/08\/image-33-300x160.png 300w, https:\/\/sunset.com.tr\/wp-content\/uploads\/2022\/08\/image-33-768x410.png 768w\" sizes=\"auto, (max-width: 638px) 100vw, 638px\" \/><\/figure>\n<\/div>","protected":false},"excerpt":{"rendered":"<p>Sistem Entegrasyon Laboratuvarlar\u0131 Yaz\u0131l\u0131m Test Sistemleri Aviyonik Kablolama Kokpit, Konsol, Silah ta\u015f\u0131ma sistemleri Otomasyon alan\u0131nda kazand\u0131\u011f\u0131m\u0131z bilgi, birikim ve tecr\u00fcbe ile Savunma Sanayinde 10 y\u0131l\u0131 a\u015fan s\u00fcredir hizmet vermekteyiz. Bu do\u011frultuda, otomasyon alan\u0131nda kullan\u0131lan programlanabilir kontrol ekipmanlar\u0131n\u0131, aviyonik cihazlar\u0131n tasar\u0131m a\u015famas\u0131ndaki entegrasyon, kalifikasyon ve do\u011frulama testlerinde ihtiya\u00e7 duyulan yaz\u0131l\u0131m ve donan\u0131m i\u00e7in kullanmaktay\u0131z. Kurulan sistemler [&hellip;]<\/p>\n","protected":false},"author":1,"featured_media":0,"parent":0,"menu_order":0,"comment_status":"closed","ping_status":"closed","template":"","meta":{"footnotes":""},"class_list":["post-945","page","type-page","status-publish","hentry"],"_links":{"self":[{"href":"https:\/\/sunset.com.tr\/index.php?rest_route=\/wp\/v2\/pages\/945","targetHints":{"allow":["GET"]}}],"collection":[{"href":"https:\/\/sunset.com.tr\/index.php?rest_route=\/wp\/v2\/pages"}],"about":[{"href":"https:\/\/sunset.com.tr\/index.php?rest_route=\/wp\/v2\/types\/page"}],"author":[{"embeddable":true,"href":"https:\/\/sunset.com.tr\/index.php?rest_route=\/wp\/v2\/users\/1"}],"replies":[{"embeddable":true,"href":"https:\/\/sunset.com.tr\/index.php?rest_route=%2Fwp%2Fv2%2Fcomments&post=945"}],"version-history":[{"count":8,"href":"https:\/\/sunset.com.tr\/index.php?rest_route=\/wp\/v2\/pages\/945\/revisions"}],"predecessor-version":[{"id":959,"href":"https:\/\/sunset.com.tr\/index.php?rest_route=\/wp\/v2\/pages\/945\/revisions\/959"}],"wp:attachment":[{"href":"https:\/\/sunset.com.tr\/index.php?rest_route=%2Fwp%2Fv2%2Fmedia&parent=945"}],"curies":[{"name":"wp","href":"https:\/\/api.w.org\/{rel}","templated":true}]}}