{"id":963,"date":"2022-08-10T17:25:57","date_gmt":"2022-08-10T14:25:57","guid":{"rendered":"https:\/\/sunset.com.tr\/?page_id=963"},"modified":"2022-08-10T17:29:22","modified_gmt":"2022-08-10T14:29:22","slug":"aritma-tesisleri","status":"publish","type":"page","link":"https:\/\/sunset.com.tr\/?page_id=963","title":{"rendered":"Ar\u0131tma Tesisleri"},"content":{"rendered":"\n<p>Ar\u0131tma Otomasyon Sistemi mimarisinde Siemens RTU\u2019lar ile telli ya da telsiz ba\u011flant\u0131 ile kuyu otomasyonu, su t\u00fcketimi, merkez pompa istasyonu ve ar\u0131tma birimleri bir b\u00fct\u00fcn olarak tasarlanmaktad\u0131r.<\/p>\n\n\n\n<p>Sistemi meydana getiren motorlar\u0131n \u00e7al\u0131\u015fma s\u00fcrelerine g\u00f6re devreye girmesi ve \u00e7\u0131kmas\u0131, istenilen s\u0131rada devreye girip \u00e7\u0131kmas\u0131 veya yedekli \u00e7al\u0131\u015fma ile e\u015fit ya\u015fland\u0131rma olanaklar\u0131 sa\u011flanmaktad\u0131r. GSM, GPRS ve WI-FI teknolojileri kullan\u0131larak eri\u015fimi olanaks\u0131z olan b\u00f6lgeler i\u00e7in haberle\u015fme imkan\u0131 sa\u011flanabilmektedir.<\/p>\n\n\n\n<p>Scada Program\u0131 ile t\u00fcm sistemler uzaktan eri\u015fim ile kesintisiz kararl\u0131 ve do\u011fru olarak izlenmekte ve sisteme ait bir \u00e7ok veri raporlanabilmektedir.<\/p>\n\n\n\n<p>Manuel veya tam otomatik \u00e7al\u0131\u015fan motorlar, yedekli PLC sistemi ile redundant \u00e7al\u0131\u015fma, sistemlere ait analog ve digital verilerin grafiksel izlenmesi, sisteme ait \u00e7al\u0131\u015fma, ar\u0131za ve bak\u0131m bilgileri gibi bir \u00e7ok \u00f6zellikte tamamlad\u0131\u011f\u0131m\u0131z sistemler;\u00a0 i\u00e7mesuyu, at\u0131ksu, reverse ozmoz, klor dozajlama, su yumu\u015fatma gibi tesislere de uygulanmaktad\u0131r.<\/p>\n\n\n<div class=\"wp-block-image\">\n<figure class=\"aligncenter size-full is-resized\"><img loading=\"lazy\" decoding=\"async\" src=\"https:\/\/sunset.com.tr\/wp-content\/uploads\/2022\/08\/image-35.png\" alt=\"\" class=\"wp-image-968\" width=\"649\" height=\"238\" srcset=\"https:\/\/sunset.com.tr\/wp-content\/uploads\/2022\/08\/image-35.png 1007w, https:\/\/sunset.com.tr\/wp-content\/uploads\/2022\/08\/image-35-600x220.png 600w, https:\/\/sunset.com.tr\/wp-content\/uploads\/2022\/08\/image-35-300x110.png 300w, https:\/\/sunset.com.tr\/wp-content\/uploads\/2022\/08\/image-35-768x282.png 768w\" sizes=\"auto, (max-width: 649px) 100vw, 649px\" \/><\/figure>\n<\/div>\n\n\n<div class=\"wp-block-columns is-layout-flex wp-container-core-columns-is-layout-9d6595d7 wp-block-columns-is-layout-flex\">\n<div class=\"wp-block-column is-layout-flow wp-block-column-is-layout-flow\"><\/div>\n<\/div>\n\n\n<div class=\"wp-block-image\">\n<figure class=\"aligncenter size-large is-resized\"><img loading=\"lazy\" decoding=\"async\" src=\"https:\/\/sunset.com.tr\/wp-content\/uploads\/2022\/08\/image-36-1024x569.png\" alt=\"\" class=\"wp-image-973\" width=\"441\" height=\"245\" srcset=\"https:\/\/sunset.com.tr\/wp-content\/uploads\/2022\/08\/image-36-1024x569.png 1024w, https:\/\/sunset.com.tr\/wp-content\/uploads\/2022\/08\/image-36-600x333.png 600w, https:\/\/sunset.com.tr\/wp-content\/uploads\/2022\/08\/image-36-300x167.png 300w, https:\/\/sunset.com.tr\/wp-content\/uploads\/2022\/08\/image-36-768x427.png 768w, https:\/\/sunset.com.tr\/wp-content\/uploads\/2022\/08\/image-36.png 1087w\" sizes=\"auto, (max-width: 441px) 100vw, 441px\" \/><\/figure>\n<\/div>","protected":false},"excerpt":{"rendered":"<p>Ar\u0131tma Otomasyon Sistemi mimarisinde Siemens RTU\u2019lar ile telli ya da telsiz ba\u011flant\u0131 ile kuyu otomasyonu, su t\u00fcketimi, merkez pompa istasyonu ve ar\u0131tma birimleri bir b\u00fct\u00fcn olarak tasarlanmaktad\u0131r. Sistemi meydana getiren motorlar\u0131n \u00e7al\u0131\u015fma s\u00fcrelerine g\u00f6re devreye girmesi ve \u00e7\u0131kmas\u0131, istenilen s\u0131rada devreye girip \u00e7\u0131kmas\u0131 veya yedekli \u00e7al\u0131\u015fma ile e\u015fit ya\u015fland\u0131rma olanaklar\u0131 sa\u011flanmaktad\u0131r. GSM, GPRS ve WI-FI [&hellip;]<\/p>\n","protected":false},"author":1,"featured_media":0,"parent":0,"menu_order":0,"comment_status":"closed","ping_status":"closed","template":"","meta":{"footnotes":""},"class_list":["post-963","page","type-page","status-publish","hentry"],"_links":{"self":[{"href":"https:\/\/sunset.com.tr\/index.php?rest_route=\/wp\/v2\/pages\/963","targetHints":{"allow":["GET"]}}],"collection":[{"href":"https:\/\/sunset.com.tr\/index.php?rest_route=\/wp\/v2\/pages"}],"about":[{"href":"https:\/\/sunset.com.tr\/index.php?rest_route=\/wp\/v2\/types\/page"}],"author":[{"embeddable":true,"href":"https:\/\/sunset.com.tr\/index.php?rest_route=\/wp\/v2\/users\/1"}],"replies":[{"embeddable":true,"href":"https:\/\/sunset.com.tr\/index.php?rest_route=%2Fwp%2Fv2%2Fcomments&post=963"}],"version-history":[{"count":5,"href":"https:\/\/sunset.com.tr\/index.php?rest_route=\/wp\/v2\/pages\/963\/revisions"}],"predecessor-version":[{"id":976,"href":"https:\/\/sunset.com.tr\/index.php?rest_route=\/wp\/v2\/pages\/963\/revisions\/976"}],"wp:attachment":[{"href":"https:\/\/sunset.com.tr\/index.php?rest_route=%2Fwp%2Fv2%2Fmedia&parent=963"}],"curies":[{"name":"wp","href":"https:\/\/api.w.org\/{rel}","templated":true}]}}