{"id":977,"date":"2022-08-10T17:31:02","date_gmt":"2022-08-10T14:31:02","guid":{"rendered":"https:\/\/sunset.com.tr\/?page_id=977"},"modified":"2022-08-10T17:33:11","modified_gmt":"2022-08-10T14:33:11","slug":"tas-ve-toprak-sanayi","status":"publish","type":"page","link":"https:\/\/sunset.com.tr\/?page_id=977","title":{"rendered":"Ta\u015f ve Toprak Sanayi"},"content":{"rendered":"\n<p>Ta\u015f ve Topra\u011fa dayal\u0131 sanayi kolunda \u00c7imento fabrikalar\u0131, Ta\u015f k\u0131rma eleme tesisleri, Haz\u0131r Beton, Yap\u0131 kimyasallar\u0131, Parke ta\u015f\u0131 tesisleri gibi sekt\u00f6rlere hizmet vermekteyiz. Sistemler tamamen PLC kontroll\u00fc olup, bilgisayar \u00fczerinden otomatik, dokunmatik operat\u00f6r panel \u00fczerinden yar\u0131 otomatik veya kumanda panosu \u00fczerinden manuel \u00fcretim olarak \u00e7al\u0131\u015fabilmektedir. Sistemler motor kumanda ve sinyalizasyon panosu olan MCC Panosundan, Operat\u00f6r Panel, Kumanda ve Tart\u0131m \u0130ndikat\u00f6rlerinin oldu\u011fu Piyano Tipi Kumanda Panosundan ve SCADA program\u0131n\u0131n bulundu\u011fu Bilgisayar sisteminden olu\u015fmaktad\u0131r.<\/p>\n\n\n\n<p> \u00dcretim sistemlerinde sistemin h\u0131z\u0131 ve g\u00fcvenilir \u00e7al\u0131\u015fmas\u0131 kadar istatiksel ve detayl\u0131 olarak geriye d\u00f6n\u00fck \u00fcretim bilgilerine ula\u015fabilme de g\u00fcn\u00fcm\u00fczde \u00e7ok b\u00fcy\u00fck \u00f6nem kazanm\u0131\u015ft\u0131r. Bu nedenle detayl\u0131 \u00fcretim raporu, silo t\u00fcketim, stok gibi bir\u00e7ok rapor sa\u011flamaktad\u0131r. B\u00fct\u00fcn raporlar istenen tarih aral\u0131\u011f\u0131nda bilgisayar ekran\u0131ndan, di\u011fer programlarla entegrasyonu a\u00e7\u0131s\u0131ndan de\u011fi\u015fik dosya tiplerinde veya yaz\u0131c\u0131dan detayl\u0131 olarak al\u0131nabilmektedir.<\/p>\n\n\n\n<p><strong>20<\/strong> y\u0131l\u0131 a\u015fk\u0131n s\u00fcredir, a\u011f\u0131rl\u0131k \u00f6l\u00e7me sistemleri, y\u00fck h\u00fccresi ve indikat\u00f6r kullan\u0131m\u0131 tecr\u00fcbesinin sonucunda ortaya \u00e7\u0131km\u0131\u015f otomasyon program\u0131m\u0131z ile t\u00fcm\u00fcyle y\u00fcksek kalitede ekipmanlar\u0131, uygun fiyat, haz\u0131r stok avantajlar\u0131 ve h\u0131zl\u0131 servisi ile istenen do\u011fru ve hassas \u00e7al\u0131\u015fman\u0131n yan\u0131 s\u0131ra s\u00fcrekli ve g\u00fcvenilir bir \u00e7al\u0131\u015fman\u0131n garantisini vermektedir.<\/p>\n\n\n<div class=\"wp-block-image\">\n<figure class=\"aligncenter size-large is-resized\"><img loading=\"lazy\" decoding=\"async\" src=\"https:\/\/sunset.com.tr\/wp-content\/uploads\/2022\/08\/image-37-1024x368.png\" alt=\"\" class=\"wp-image-978\" width=\"647\" height=\"232\" srcset=\"https:\/\/sunset.com.tr\/wp-content\/uploads\/2022\/08\/image-37-1024x368.png 1024w, https:\/\/sunset.com.tr\/wp-content\/uploads\/2022\/08\/image-37-600x216.png 600w, https:\/\/sunset.com.tr\/wp-content\/uploads\/2022\/08\/image-37-300x108.png 300w, https:\/\/sunset.com.tr\/wp-content\/uploads\/2022\/08\/image-37-768x276.png 768w, https:\/\/sunset.com.tr\/wp-content\/uploads\/2022\/08\/image-37.png 1145w\" sizes=\"auto, (max-width: 647px) 100vw, 647px\" \/><\/figure>\n<\/div>\n\n\n<div class=\"wp-block-columns is-layout-flex wp-container-core-columns-is-layout-9d6595d7 wp-block-columns-is-layout-flex\">\n<div class=\"wp-block-column is-layout-flow wp-block-column-is-layout-flow\"><\/div>\n<\/div>\n\n\n<div class=\"wp-block-image\">\n<figure class=\"aligncenter size-full is-resized\"><img loading=\"lazy\" decoding=\"async\" src=\"https:\/\/sunset.com.tr\/wp-content\/uploads\/2022\/08\/image-38.png\" alt=\"\" class=\"wp-image-982\" width=\"563\" height=\"338\" srcset=\"https:\/\/sunset.com.tr\/wp-content\/uploads\/2022\/08\/image-38.png 936w, https:\/\/sunset.com.tr\/wp-content\/uploads\/2022\/08\/image-38-600x360.png 600w, https:\/\/sunset.com.tr\/wp-content\/uploads\/2022\/08\/image-38-300x180.png 300w, https:\/\/sunset.com.tr\/wp-content\/uploads\/2022\/08\/image-38-768x461.png 768w\" sizes=\"auto, (max-width: 563px) 100vw, 563px\" \/><\/figure>\n<\/div>","protected":false},"excerpt":{"rendered":"<p>Ta\u015f ve Topra\u011fa dayal\u0131 sanayi kolunda \u00c7imento fabrikalar\u0131, Ta\u015f k\u0131rma eleme tesisleri, Haz\u0131r Beton, Yap\u0131 kimyasallar\u0131, Parke ta\u015f\u0131 tesisleri gibi sekt\u00f6rlere hizmet vermekteyiz. Sistemler tamamen PLC kontroll\u00fc olup, bilgisayar \u00fczerinden otomatik, dokunmatik operat\u00f6r panel \u00fczerinden yar\u0131 otomatik veya kumanda panosu \u00fczerinden manuel \u00fcretim olarak \u00e7al\u0131\u015fabilmektedir. Sistemler motor kumanda ve sinyalizasyon panosu olan MCC Panosundan, Operat\u00f6r [&hellip;]<\/p>\n","protected":false},"author":1,"featured_media":0,"parent":0,"menu_order":0,"comment_status":"closed","ping_status":"closed","template":"","meta":{"footnotes":""},"class_list":["post-977","page","type-page","status-publish","hentry"],"_links":{"self":[{"href":"https:\/\/sunset.com.tr\/index.php?rest_route=\/wp\/v2\/pages\/977","targetHints":{"allow":["GET"]}}],"collection":[{"href":"https:\/\/sunset.com.tr\/index.php?rest_route=\/wp\/v2\/pages"}],"about":[{"href":"https:\/\/sunset.com.tr\/index.php?rest_route=\/wp\/v2\/types\/page"}],"author":[{"embeddable":true,"href":"https:\/\/sunset.com.tr\/index.php?rest_route=\/wp\/v2\/users\/1"}],"replies":[{"embeddable":true,"href":"https:\/\/sunset.com.tr\/index.php?rest_route=%2Fwp%2Fv2%2Fcomments&post=977"}],"version-history":[{"count":4,"href":"https:\/\/sunset.com.tr\/index.php?rest_route=\/wp\/v2\/pages\/977\/revisions"}],"predecessor-version":[{"id":984,"href":"https:\/\/sunset.com.tr\/index.php?rest_route=\/wp\/v2\/pages\/977\/revisions\/984"}],"wp:attachment":[{"href":"https:\/\/sunset.com.tr\/index.php?rest_route=%2Fwp%2Fv2%2Fmedia&parent=977"}],"curies":[{"name":"wp","href":"https:\/\/api.w.org\/{rel}","templated":true}]}}